{"id":1155,"date":"2021-12-03T12:06:14","date_gmt":"2021-12-03T11:06:14","guid":{"rendered":"http:\/\/thierrydumont-duthy.fr\/?page_id=1155"},"modified":"2025-05-08T12:56:03","modified_gmt":"2025-05-08T10:56:03","slug":"destruction-cave-vinicole","status":"publish","type":"page","link":"https:\/\/thierrydumont-duthy.fr\/?page_id=1155","title":{"rendered":"Destruction Cave Vinicole"},"content":{"rendered":"\n<p class=\"has-text-align-center\">Apr\u00e8s avoir pu jouer dans la Cave Coop\u00e9rative de La Calmette ( Gard ) pour la s\u00e9rie \u00a0\u00bb Hallucinations Mill\u00e9sim\u00e9es \u00ab\u00a0,<\/p>\n\n\n\n<p class=\"has-text-align-center\">J&rsquo;ai eu le plaisir de faire le reportage complet de la destruction de ce lieu construit en 1924 et d\u00e9truit \u00e0 l&rsquo;automne 2021.<br>Je remercie tous les intervenants sur ce chantier de m&rsquo;avoir accept\u00e9 et permis la r\u00e9alisation de ces Images au fil des jours &#8230; <\/p>\n\n\n\n<p><\/p>\n\n\n\n<figure class=\"wp-block-gallery aligncenter has-nested-images columns-default wp-block-gallery-1 is-layout-flex wp-block-gallery-is-layout-flex\">\n<figure class=\"wp-block-image size-medium\"><a href=\"https:\/\/thierrydumont-duthy.fr\/wp-content\/uploads\/2021\/12\/DSC6262_a_32756_C1.jpg\"><img loading=\"lazy\" decoding=\"async\" width=\"682\" height=\"1024\" data-id=\"1162\" src=\"https:\/\/thierrydumont-duthy.fr\/wp-content\/uploads\/2021\/12\/DSC6262_a_32756_C1-682x1024.jpg\" alt=\"\" class=\"wp-image-1162\" srcset=\"https:\/\/thierrydumont-duthy.fr\/wp-content\/uploads\/2021\/12\/DSC6262_a_32756_C1-682x1024.jpg 682w, https:\/\/thierrydumont-duthy.fr\/wp-content\/uploads\/2021\/12\/DSC6262_a_32756_C1-200x300.jpg 200w, https:\/\/thierrydumont-duthy.fr\/wp-content\/uploads\/2021\/12\/DSC6262_a_32756_C1-768x1153.jpg 768w, https:\/\/thierrydumont-duthy.fr\/wp-content\/uploads\/2021\/12\/DSC6262_a_32756_C1.jpg 799w\" sizes=\"auto, (max-width: 682px) 100vw, 682px\" \/><\/a><figcaption class=\"wp-element-caption\">Jour 1<\/figcaption><\/figure>\n\n\n\n<figure class=\"wp-block-image size-medium\"><a href=\"https:\/\/thierrydumont-duthy.fr\/wp-content\/uploads\/2021\/12\/DSC6440_a_32809_C1.jpg\"><img loading=\"lazy\" decoding=\"async\" width=\"682\" height=\"1024\" data-id=\"1165\" src=\"https:\/\/thierrydumont-duthy.fr\/wp-content\/uploads\/2021\/12\/DSC6440_a_32809_C1-682x1024.jpg\" alt=\"\" class=\"wp-image-1165\" srcset=\"https:\/\/thierrydumont-duthy.fr\/wp-content\/uploads\/2021\/12\/DSC6440_a_32809_C1-682x1024.jpg 682w, https:\/\/thierrydumont-duthy.fr\/wp-content\/uploads\/2021\/12\/DSC6440_a_32809_C1-200x300.jpg 200w, https:\/\/thierrydumont-duthy.fr\/wp-content\/uploads\/2021\/12\/DSC6440_a_32809_C1-768x1153.jpg 768w, https:\/\/thierrydumont-duthy.fr\/wp-content\/uploads\/2021\/12\/DSC6440_a_32809_C1.jpg 799w\" sizes=\"auto, (max-width: 682px) 100vw, 682px\" \/><\/a><\/figure>\n\n\n\n<figure class=\"wp-block-image size-medium\"><a href=\"https:\/\/thierrydumont-duthy.fr\/wp-content\/uploads\/2021\/12\/DSC6630_a_33115_C1.jpg\"><img loading=\"lazy\" decoding=\"async\" width=\"683\" height=\"1024\" data-id=\"1166\" src=\"https:\/\/thierrydumont-duthy.fr\/wp-content\/uploads\/2021\/12\/DSC6630_a_33115_C1-683x1024.jpg\" alt=\"\" class=\"wp-image-1166\" srcset=\"https:\/\/thierrydumont-duthy.fr\/wp-content\/uploads\/2021\/12\/DSC6630_a_33115_C1-683x1024.jpg 683w, https:\/\/thierrydumont-duthy.fr\/wp-content\/uploads\/2021\/12\/DSC6630_a_33115_C1-200x300.jpg 200w, https:\/\/thierrydumont-duthy.fr\/wp-content\/uploads\/2021\/12\/DSC6630_a_33115_C1-768x1152.jpg 768w, https:\/\/thierrydumont-duthy.fr\/wp-content\/uploads\/2021\/12\/DSC6630_a_33115_C1.jpg 800w\" sizes=\"auto, (max-width: 683px) 100vw, 683px\" \/><\/a><\/figure>\n\n\n\n<figure class=\"wp-block-image size-medium\"><a href=\"https:\/\/thierrydumont-duthy.fr\/wp-content\/uploads\/2021\/12\/DSC6870_a_33116_C1.jpg\"><img loading=\"lazy\" decoding=\"async\" width=\"682\" height=\"1024\" data-id=\"1167\" src=\"https:\/\/thierrydumont-duthy.fr\/wp-content\/uploads\/2021\/12\/DSC6870_a_33116_C1-682x1024.jpg\" alt=\"\" class=\"wp-image-1167\" srcset=\"https:\/\/thierrydumont-duthy.fr\/wp-content\/uploads\/2021\/12\/DSC6870_a_33116_C1-682x1024.jpg 682w, https:\/\/thierrydumont-duthy.fr\/wp-content\/uploads\/2021\/12\/DSC6870_a_33116_C1-200x300.jpg 200w, https:\/\/thierrydumont-duthy.fr\/wp-content\/uploads\/2021\/12\/DSC6870_a_33116_C1-768x1153.jpg 768w, https:\/\/thierrydumont-duthy.fr\/wp-content\/uploads\/2021\/12\/DSC6870_a_33116_C1.jpg 799w\" sizes=\"auto, (max-width: 682px) 100vw, 682px\" \/><\/a><\/figure>\n\n\n\n<figure class=\"wp-block-image size-medium\"><a href=\"https:\/\/thierrydumont-duthy.fr\/wp-content\/uploads\/2021\/12\/DSC6911_a_33117_C1.jpg\"><img loading=\"lazy\" decoding=\"async\" width=\"1024\" height=\"682\" data-id=\"1168\" src=\"https:\/\/thierrydumont-duthy.fr\/wp-content\/uploads\/2021\/12\/DSC6911_a_33117_C1-1024x682.jpg\" alt=\"\" class=\"wp-image-1168\" srcset=\"https:\/\/thierrydumont-duthy.fr\/wp-content\/uploads\/2021\/12\/DSC6911_a_33117_C1-1024x682.jpg 1024w, https:\/\/thierrydumont-duthy.fr\/wp-content\/uploads\/2021\/12\/DSC6911_a_33117_C1-300x200.jpg 300w, https:\/\/thierrydumont-duthy.fr\/wp-content\/uploads\/2021\/12\/DSC6911_a_33117_C1-768x511.jpg 768w, https:\/\/thierrydumont-duthy.fr\/wp-content\/uploads\/2021\/12\/DSC6911_a_33117_C1.jpg 1200w\" sizes=\"auto, (max-width: 1024px) 100vw, 1024px\" \/><\/a><\/figure>\n\n\n\n<figure class=\"wp-block-image size-medium\"><a href=\"https:\/\/thierrydumont-duthy.fr\/wp-content\/uploads\/2021\/12\/DSC6987_a_33118_C1.jpg\"><img loading=\"lazy\" decoding=\"async\" width=\"1024\" height=\"683\" data-id=\"1169\" src=\"https:\/\/thierrydumont-duthy.fr\/wp-content\/uploads\/2021\/12\/DSC6987_a_33118_C1-1024x683.jpg\" alt=\"\" class=\"wp-image-1169\" srcset=\"https:\/\/thierrydumont-duthy.fr\/wp-content\/uploads\/2021\/12\/DSC6987_a_33118_C1-1024x683.jpg 1024w, https:\/\/thierrydumont-duthy.fr\/wp-content\/uploads\/2021\/12\/DSC6987_a_33118_C1-300x200.jpg 300w, https:\/\/thierrydumont-duthy.fr\/wp-content\/uploads\/2021\/12\/DSC6987_a_33118_C1-768x512.jpg 768w, https:\/\/thierrydumont-duthy.fr\/wp-content\/uploads\/2021\/12\/DSC6987_a_33118_C1.jpg 1200w\" sizes=\"auto, (max-width: 1024px) 100vw, 1024px\" \/><\/a><\/figure>\n\n\n\n<figure class=\"wp-block-image size-medium\"><a href=\"https:\/\/thierrydumont-duthy.fr\/wp-content\/uploads\/2021\/12\/DSC7058_a_33119_C1.jpg\"><img loading=\"lazy\" decoding=\"async\" width=\"1024\" height=\"682\" data-id=\"1170\" src=\"https:\/\/thierrydumont-duthy.fr\/wp-content\/uploads\/2021\/12\/DSC7058_a_33119_C1-1024x682.jpg\" alt=\"\" class=\"wp-image-1170\" srcset=\"https:\/\/thierrydumont-duthy.fr\/wp-content\/uploads\/2021\/12\/DSC7058_a_33119_C1-1024x682.jpg 1024w, https:\/\/thierrydumont-duthy.fr\/wp-content\/uploads\/2021\/12\/DSC7058_a_33119_C1-300x200.jpg 300w, https:\/\/thierrydumont-duthy.fr\/wp-content\/uploads\/2021\/12\/DSC7058_a_33119_C1-768x511.jpg 768w, https:\/\/thierrydumont-duthy.fr\/wp-content\/uploads\/2021\/12\/DSC7058_a_33119_C1.jpg 1200w\" sizes=\"auto, (max-width: 1024px) 100vw, 1024px\" \/><\/a><figcaption class=\"wp-element-caption\">Ar\u00e8nes vinicole<\/figcaption><\/figure>\n\n\n\n<figure class=\"wp-block-image size-medium\"><a href=\"https:\/\/thierrydumont-duthy.fr\/wp-content\/uploads\/2021\/12\/DSC7087_a_33120_C1.jpg\"><img loading=\"lazy\" decoding=\"async\" width=\"682\" height=\"1024\" data-id=\"1171\" src=\"https:\/\/thierrydumont-duthy.fr\/wp-content\/uploads\/2021\/12\/DSC7087_a_33120_C1-682x1024.jpg\" alt=\"\" class=\"wp-image-1171\" srcset=\"https:\/\/thierrydumont-duthy.fr\/wp-content\/uploads\/2021\/12\/DSC7087_a_33120_C1-682x1024.jpg 682w, https:\/\/thierrydumont-duthy.fr\/wp-content\/uploads\/2021\/12\/DSC7087_a_33120_C1-200x300.jpg 200w, https:\/\/thierrydumont-duthy.fr\/wp-content\/uploads\/2021\/12\/DSC7087_a_33120_C1-768x1153.jpg 768w, https:\/\/thierrydumont-duthy.fr\/wp-content\/uploads\/2021\/12\/DSC7087_a_33120_C1.jpg 799w\" sizes=\"auto, (max-width: 682px) 100vw, 682px\" \/><\/a><\/figure>\n\n\n\n<figure class=\"wp-block-image size-medium\"><a href=\"https:\/\/thierrydumont-duthy.fr\/wp-content\/uploads\/2021\/12\/DSC7313_a_33121_C1.jpg\"><img loading=\"lazy\" decoding=\"async\" width=\"1024\" height=\"682\" data-id=\"1172\" src=\"https:\/\/thierrydumont-duthy.fr\/wp-content\/uploads\/2021\/12\/DSC7313_a_33121_C1-1024x682.jpg\" alt=\"\" class=\"wp-image-1172\" srcset=\"https:\/\/thierrydumont-duthy.fr\/wp-content\/uploads\/2021\/12\/DSC7313_a_33121_C1-1024x682.jpg 1024w, https:\/\/thierrydumont-duthy.fr\/wp-content\/uploads\/2021\/12\/DSC7313_a_33121_C1-300x200.jpg 300w, https:\/\/thierrydumont-duthy.fr\/wp-content\/uploads\/2021\/12\/DSC7313_a_33121_C1-768x511.jpg 768w, https:\/\/thierrydumont-duthy.fr\/wp-content\/uploads\/2021\/12\/DSC7313_a_33121_C1.jpg 1200w\" sizes=\"auto, (max-width: 1024px) 100vw, 1024px\" \/><\/a><\/figure>\n\n\n\n<figure class=\"wp-block-image size-medium\"><a href=\"https:\/\/thierrydumont-duthy.fr\/wp-content\/uploads\/2021\/12\/DSC7343_a_33122_C1.jpg\"><img loading=\"lazy\" decoding=\"async\" width=\"1024\" height=\"682\" data-id=\"1173\" src=\"https:\/\/thierrydumont-duthy.fr\/wp-content\/uploads\/2021\/12\/DSC7343_a_33122_C1-1024x682.jpg\" alt=\"\" class=\"wp-image-1173\" srcset=\"https:\/\/thierrydumont-duthy.fr\/wp-content\/uploads\/2021\/12\/DSC7343_a_33122_C1-1024x682.jpg 1024w, https:\/\/thierrydumont-duthy.fr\/wp-content\/uploads\/2021\/12\/DSC7343_a_33122_C1-300x200.jpg 300w, https:\/\/thierrydumont-duthy.fr\/wp-content\/uploads\/2021\/12\/DSC7343_a_33122_C1-768x511.jpg 768w, https:\/\/thierrydumont-duthy.fr\/wp-content\/uploads\/2021\/12\/DSC7343_a_33122_C1.jpg 1200w\" sizes=\"auto, (max-width: 1024px) 100vw, 1024px\" \/><\/a><figcaption class=\"wp-element-caption\">L&rsquo;escalier de fer &#8230;<\/figcaption><\/figure>\n<\/figure>\n\n\n\n<figure class=\"wp-block-gallery aligncenter has-nested-images columns-default wp-block-gallery-2 is-layout-flex wp-block-gallery-is-layout-flex\">\n<figure class=\"wp-block-image size-medium\"><a href=\"https:\/\/thierrydumont-duthy.fr\/wp-content\/uploads\/2021\/12\/DSC6413_a_32800_C1.jpg\"><img loading=\"lazy\" decoding=\"async\" width=\"300\" height=\"200\" data-id=\"1163\" src=\"https:\/\/thierrydumont-duthy.fr\/wp-content\/uploads\/2021\/12\/DSC6413_a_32800_C1-300x200.jpg\" alt=\"\" class=\"wp-image-1163\" srcset=\"https:\/\/thierrydumont-duthy.fr\/wp-content\/uploads\/2021\/12\/DSC6413_a_32800_C1-300x200.jpg 300w, https:\/\/thierrydumont-duthy.fr\/wp-content\/uploads\/2021\/12\/DSC6413_a_32800_C1-1024x683.jpg 1024w, https:\/\/thierrydumont-duthy.fr\/wp-content\/uploads\/2021\/12\/DSC6413_a_32800_C1-768x512.jpg 768w, https:\/\/thierrydumont-duthy.fr\/wp-content\/uploads\/2021\/12\/DSC6413_a_32800_C1.jpg 1200w\" sizes=\"auto, (max-width: 300px) 100vw, 300px\" \/><\/a><\/figure>\n\n\n\n<figure class=\"wp-block-image size-medium\"><a href=\"https:\/\/thierrydumont-duthy.fr\/wp-content\/uploads\/2021\/12\/DSC6422_a_32802_C1.jpg\"><img loading=\"lazy\" decoding=\"async\" width=\"300\" height=\"200\" data-id=\"1164\" src=\"https:\/\/thierrydumont-duthy.fr\/wp-content\/uploads\/2021\/12\/DSC6422_a_32802_C1-300x200.jpg\" alt=\"\" class=\"wp-image-1164\" srcset=\"https:\/\/thierrydumont-duthy.fr\/wp-content\/uploads\/2021\/12\/DSC6422_a_32802_C1-300x200.jpg 300w, https:\/\/thierrydumont-duthy.fr\/wp-content\/uploads\/2021\/12\/DSC6422_a_32802_C1-1024x682.jpg 1024w, https:\/\/thierrydumont-duthy.fr\/wp-content\/uploads\/2021\/12\/DSC6422_a_32802_C1-768x511.jpg 768w, https:\/\/thierrydumont-duthy.fr\/wp-content\/uploads\/2021\/12\/DSC6422_a_32802_C1.jpg 1200w\" sizes=\"auto, (max-width: 300px) 100vw, 300px\" \/><\/a><\/figure>\n<\/figure>\n\n\n\n<p class=\"has-text-align-center\">Cette s\u00e9rie est disponible pour \u00eatre expos\u00e9e \u2026 contactez moi !<\/p>\n\n\n\n<p class=\"has-text-align-center\">Toutes les images sont disponibles en tirages d&rsquo;Arts num\u00e9rot\u00e9s x\/20<br>pour agr\u00e9menter vos int\u00e9rieurs &#8230; Bureau, salon, etc &#8230;<br>Et bien \u00e9videment pour \u00eatre expos\u00e9es !!<br>Contactez moi &#8230; <\/p>\n\n\n\n<div class=\"wp-block-columns is-layout-flex wp-container-core-columns-is-layout-9d6595d7 wp-block-columns-is-layout-flex\">\n<div class=\"wp-block-column is-layout-flow wp-block-column-is-layout-flow\" style=\"flex-basis:25%\"><\/div>\n\n\n\n<div class=\"wp-block-column is-layout-flow wp-block-column-is-layout-flow\" style=\"flex-basis:50%\"><div class=\"wp-block-image\">\n<figure class=\"aligncenter size-large\"><img loading=\"lazy\" decoding=\"async\" width=\"1024\" height=\"512\" src=\"https:\/\/thierrydumont-duthy.fr\/wp-content\/uploads\/2025\/05\/Tarif_Paysage_2025-1024x512.jpg\" alt=\"\" class=\"wp-image-1865\" srcset=\"https:\/\/thierrydumont-duthy.fr\/wp-content\/uploads\/2025\/05\/Tarif_Paysage_2025-1024x512.jpg 1024w, https:\/\/thierrydumont-duthy.fr\/wp-content\/uploads\/2025\/05\/Tarif_Paysage_2025-300x150.jpg 300w, https:\/\/thierrydumont-duthy.fr\/wp-content\/uploads\/2025\/05\/Tarif_Paysage_2025-768x384.jpg 768w, https:\/\/thierrydumont-duthy.fr\/wp-content\/uploads\/2025\/05\/Tarif_Paysage_2025.jpg 1200w\" sizes=\"auto, (max-width: 1024px) 100vw, 1024px\" \/><figcaption class=\"wp-element-caption\">Tarif_Paysage_2025<\/figcaption><\/figure><\/div><\/div>\n\n\n\n<div class=\"wp-block-column is-layout-flow wp-block-column-is-layout-flow\" style=\"flex-basis:25%\"><\/div>\n<\/div>\n","protected":false},"excerpt":{"rendered":"<p>Apr\u00e8s avoir pu jouer dans la Cave Coop\u00e9rative de La Calmette ( Gard ) pour la s\u00e9rie \u00a0\u00bb Hallucinations Mill\u00e9sim\u00e9es \u00ab\u00a0, J&rsquo;ai eu le plaisir de faire le reportage complet de la destruction de ce lieu construit en 1924 et d\u00e9truit \u00e0 l&rsquo;automne 2021.Je remercie tous les intervenants sur ce chantier de m&rsquo;avoir accept\u00e9 et [&hellip;]<\/p>\n","protected":false},"author":1,"featured_media":0,"parent":0,"menu_order":0,"comment_status":"closed","ping_status":"closed","template":"","meta":{"footnotes":""},"class_list":["post-1155","page","type-page","status-publish","hentry"],"_links":{"self":[{"href":"https:\/\/thierrydumont-duthy.fr\/index.php?rest_route=\/wp\/v2\/pages\/1155","targetHints":{"allow":["GET"]}}],"collection":[{"href":"https:\/\/thierrydumont-duthy.fr\/index.php?rest_route=\/wp\/v2\/pages"}],"about":[{"href":"https:\/\/thierrydumont-duthy.fr\/index.php?rest_route=\/wp\/v2\/types\/page"}],"author":[{"embeddable":true,"href":"https:\/\/thierrydumont-duthy.fr\/index.php?rest_route=\/wp\/v2\/users\/1"}],"replies":[{"embeddable":true,"href":"https:\/\/thierrydumont-duthy.fr\/index.php?rest_route=%2Fwp%2Fv2%2Fcomments&post=1155"}],"version-history":[{"count":10,"href":"https:\/\/thierrydumont-duthy.fr\/index.php?rest_route=\/wp\/v2\/pages\/1155\/revisions"}],"predecessor-version":[{"id":1891,"href":"https:\/\/thierrydumont-duthy.fr\/index.php?rest_route=\/wp\/v2\/pages\/1155\/revisions\/1891"}],"wp:attachment":[{"href":"https:\/\/thierrydumont-duthy.fr\/index.php?rest_route=%2Fwp%2Fv2%2Fmedia&parent=1155"}],"curies":[{"name":"wp","href":"https:\/\/api.w.org\/{rel}","templated":true}]}}