{"id":1277,"date":"2022-08-30T11:01:24","date_gmt":"2022-08-30T09:01:24","guid":{"rendered":"http:\/\/thierrydumont-duthy.fr\/?page_id=1277"},"modified":"2025-05-08T12:53:32","modified_gmt":"2025-05-08T10:53:32","slug":"incendie-generac-2019","status":"publish","type":"page","link":"https:\/\/thierrydumont-duthy.fr\/?page_id=1277","title":{"rendered":"Incendie G\u00e9n\u00e9rac 2019"},"content":{"rendered":"\n<h2 class=\"wp-block-heading has-text-align-center\"><strong>G\u00e9n\u00e9rac apr\u00e8s les Incendies &#8230;<\/strong><\/h2>\n\n\n\n<p class=\"has-text-align-left\">Fin juillet 2019 &#8230;<\/p>\n\n\n\n<p>Je suis au volant de mon bus sur la rampe de Valdegour, \u00e0 N\u00eemes, quand je vois au loin le panache de fum\u00e9e, impressionnant, d&rsquo;une taille qui en dit long sur l&rsquo;ampleur &#8230;<br><br>Le ballet des avions qui combattent cet incendie est aussi visible de ce point haut, distant d&rsquo;une petite quinzaine de Km \u00e0 vol d&rsquo;oiseau &#8230;<br>La chaleur de cette journ\u00e9e, ainsi que de ces derniers jours, ne laisse pas de doute sur la difficult\u00e9 que les pompiers et autres intervenants rencontrent sur le terrain.<\/p>\n\n\n\n<p>Au 4\u00e8me jour de lutte la nouvelle tombe &#8230; un \u00e9v\u00e9nement tragique, malheureux, qui me glace le sang malgr\u00e9 la chaleur et me remplit d&rsquo;une profonde tristesse.<\/p>\n\n\n\n<p>En tant que photographe j&rsquo;ai d\u00e9cid\u00e9, \u00e0 ce moment l\u00e0, de traiter ce sujet de fa\u00e7on artistique, au travers des \u00e9l\u00e9ments naturels et des traces que les hommes avaient laiss\u00e9es en travaillant \u00e0 \u00e9teindre cet incendie. Sans voyeurisme !<\/p>\n\n\n\n<p>Un premier passage sur les lieux une fin de journ\u00e9e de mi aout et un deuxi\u00e8me d\u00e9but septembre m&rsquo;ont permis de d\u00e9couvrir ces lieux &#8230;<br>o\u00f9 le dur labeur des pompiers est visible avec ces traces au sol et sur la v\u00e9g\u00e9tation,<br>mais aussi un paysage o\u00f9 la nature reprend vie au travers des stigmates du feu, et surtout impressionne par le graphisme induit par cet incendie.<\/p>\n\n\n\n<p>Un travail photographique pour la m\u00e9moire du lieu et des personnes &#8230;.<\/p>\n\n\n\n<p><\/p>\n\n\n\n<figure class=\"wp-block-gallery has-nested-images columns-3 aligncenter wp-block-gallery-1 is-layout-flex wp-block-gallery-is-layout-flex\">\n<figure class=\"wp-block-image size-medium\"><a href=\"https:\/\/thierrydumont-duthy.fr\/wp-content\/uploads\/2022\/08\/Ok_DSC7717_a_27743_C1.jpg\"><img loading=\"lazy\" decoding=\"async\" width=\"200\" height=\"300\" data-id=\"1294\" src=\"https:\/\/thierrydumont-duthy.fr\/wp-content\/uploads\/2022\/08\/Ok_DSC7717_a_27743_C1-200x300.jpg\" alt=\"\" class=\"wp-image-1294\" srcset=\"https:\/\/thierrydumont-duthy.fr\/wp-content\/uploads\/2022\/08\/Ok_DSC7717_a_27743_C1-200x300.jpg 200w, https:\/\/thierrydumont-duthy.fr\/wp-content\/uploads\/2022\/08\/Ok_DSC7717_a_27743_C1-682x1024.jpg 682w, https:\/\/thierrydumont-duthy.fr\/wp-content\/uploads\/2022\/08\/Ok_DSC7717_a_27743_C1-768x1153.jpg 768w, https:\/\/thierrydumont-duthy.fr\/wp-content\/uploads\/2022\/08\/Ok_DSC7717_a_27743_C1.jpg 799w\" sizes=\"auto, (max-width: 200px) 100vw, 200px\" \/><\/a><\/figure>\n\n\n\n<figure class=\"wp-block-image size-medium\"><a href=\"https:\/\/thierrydumont-duthy.fr\/wp-content\/uploads\/2022\/08\/Ok_DSC7703_b_27735_C1.jpg\"><img loading=\"lazy\" decoding=\"async\" width=\"300\" height=\"200\" data-id=\"1295\" src=\"https:\/\/thierrydumont-duthy.fr\/wp-content\/uploads\/2022\/08\/Ok_DSC7703_b_27735_C1-300x200.jpg\" alt=\"\" class=\"wp-image-1295\" srcset=\"https:\/\/thierrydumont-duthy.fr\/wp-content\/uploads\/2022\/08\/Ok_DSC7703_b_27735_C1-300x200.jpg 300w, https:\/\/thierrydumont-duthy.fr\/wp-content\/uploads\/2022\/08\/Ok_DSC7703_b_27735_C1-1024x682.jpg 1024w, https:\/\/thierrydumont-duthy.fr\/wp-content\/uploads\/2022\/08\/Ok_DSC7703_b_27735_C1-768x511.jpg 768w, https:\/\/thierrydumont-duthy.fr\/wp-content\/uploads\/2022\/08\/Ok_DSC7703_b_27735_C1.jpg 1200w\" sizes=\"auto, (max-width: 300px) 100vw, 300px\" \/><\/a><\/figure>\n\n\n\n<figure class=\"wp-block-image size-medium\"><a href=\"https:\/\/thierrydumont-duthy.fr\/wp-content\/uploads\/2022\/08\/Ok_DSC7699_b_27731_C1.jpg\"><img loading=\"lazy\" decoding=\"async\" width=\"200\" height=\"300\" data-id=\"1293\" src=\"https:\/\/thierrydumont-duthy.fr\/wp-content\/uploads\/2022\/08\/Ok_DSC7699_b_27731_C1-200x300.jpg\" alt=\"\" class=\"wp-image-1293\" srcset=\"https:\/\/thierrydumont-duthy.fr\/wp-content\/uploads\/2022\/08\/Ok_DSC7699_b_27731_C1-200x300.jpg 200w, https:\/\/thierrydumont-duthy.fr\/wp-content\/uploads\/2022\/08\/Ok_DSC7699_b_27731_C1-682x1024.jpg 682w, https:\/\/thierrydumont-duthy.fr\/wp-content\/uploads\/2022\/08\/Ok_DSC7699_b_27731_C1-768x1153.jpg 768w, https:\/\/thierrydumont-duthy.fr\/wp-content\/uploads\/2022\/08\/Ok_DSC7699_b_27731_C1.jpg 799w\" sizes=\"auto, (max-width: 200px) 100vw, 200px\" \/><\/a><\/figure>\n\n\n\n<figure class=\"wp-block-image size-medium\"><a href=\"https:\/\/thierrydumont-duthy.fr\/wp-content\/uploads\/2022\/08\/Ok_DSC7603_a_27667_C1.jpg\"><img loading=\"lazy\" decoding=\"async\" width=\"300\" height=\"200\" data-id=\"1291\" src=\"https:\/\/thierrydumont-duthy.fr\/wp-content\/uploads\/2022\/08\/Ok_DSC7603_a_27667_C1-300x200.jpg\" alt=\"\" class=\"wp-image-1291\" srcset=\"https:\/\/thierrydumont-duthy.fr\/wp-content\/uploads\/2022\/08\/Ok_DSC7603_a_27667_C1-300x200.jpg 300w, https:\/\/thierrydumont-duthy.fr\/wp-content\/uploads\/2022\/08\/Ok_DSC7603_a_27667_C1-1024x682.jpg 1024w, https:\/\/thierrydumont-duthy.fr\/wp-content\/uploads\/2022\/08\/Ok_DSC7603_a_27667_C1-768x511.jpg 768w, https:\/\/thierrydumont-duthy.fr\/wp-content\/uploads\/2022\/08\/Ok_DSC7603_a_27667_C1.jpg 1200w\" sizes=\"auto, (max-width: 300px) 100vw, 300px\" \/><\/a><figcaption class=\"wp-element-caption\">les cendres<\/figcaption><\/figure>\n\n\n\n<figure class=\"wp-block-image size-medium\"><a href=\"https:\/\/thierrydumont-duthy.fr\/wp-content\/uploads\/2022\/08\/Ok_DSC7628_a_27686_C1.jpg\"><img loading=\"lazy\" decoding=\"async\" width=\"300\" height=\"200\" data-id=\"1287\" src=\"https:\/\/thierrydumont-duthy.fr\/wp-content\/uploads\/2022\/08\/Ok_DSC7628_a_27686_C1-300x200.jpg\" alt=\"\" class=\"wp-image-1287\" srcset=\"https:\/\/thierrydumont-duthy.fr\/wp-content\/uploads\/2022\/08\/Ok_DSC7628_a_27686_C1-300x200.jpg 300w, https:\/\/thierrydumont-duthy.fr\/wp-content\/uploads\/2022\/08\/Ok_DSC7628_a_27686_C1-1024x682.jpg 1024w, https:\/\/thierrydumont-duthy.fr\/wp-content\/uploads\/2022\/08\/Ok_DSC7628_a_27686_C1-768x511.jpg 768w, https:\/\/thierrydumont-duthy.fr\/wp-content\/uploads\/2022\/08\/Ok_DSC7628_a_27686_C1.jpg 1200w\" sizes=\"auto, (max-width: 300px) 100vw, 300px\" \/><\/a><\/figure>\n\n\n\n<figure class=\"wp-block-image size-medium\"><a href=\"https:\/\/thierrydumont-duthy.fr\/wp-content\/uploads\/2022\/08\/Ok_DSC7624_a_27683_C1.jpg\"><img loading=\"lazy\" decoding=\"async\" width=\"300\" height=\"200\" data-id=\"1289\" src=\"https:\/\/thierrydumont-duthy.fr\/wp-content\/uploads\/2022\/08\/Ok_DSC7624_a_27683_C1-300x200.jpg\" alt=\"\" class=\"wp-image-1289\" srcset=\"https:\/\/thierrydumont-duthy.fr\/wp-content\/uploads\/2022\/08\/Ok_DSC7624_a_27683_C1-300x200.jpg 300w, https:\/\/thierrydumont-duthy.fr\/wp-content\/uploads\/2022\/08\/Ok_DSC7624_a_27683_C1-1024x682.jpg 1024w, https:\/\/thierrydumont-duthy.fr\/wp-content\/uploads\/2022\/08\/Ok_DSC7624_a_27683_C1-768x511.jpg 768w, https:\/\/thierrydumont-duthy.fr\/wp-content\/uploads\/2022\/08\/Ok_DSC7624_a_27683_C1.jpg 1200w\" sizes=\"auto, (max-width: 300px) 100vw, 300px\" \/><\/a><figcaption class=\"wp-element-caption\">traces<\/figcaption><\/figure>\n<figcaption class=\"blocks-gallery-caption wp-element-caption\">Disponible pour expo au format 30&#215;45 cm.<\/figcaption><\/figure>\n\n\n\n<p><\/p>\n\n\n\n<figure class=\"wp-block-gallery has-nested-images columns-default aligncenter wp-block-gallery-2 is-layout-flex wp-block-gallery-is-layout-flex\">\n<figure class=\"wp-block-image size-medium\"><a href=\"https:\/\/thierrydumont-duthy.fr\/wp-content\/uploads\/2022\/08\/Ok_DSC7632_Nb_a_27688_C1.jpg\"><img loading=\"lazy\" decoding=\"async\" width=\"200\" height=\"300\" data-id=\"1292\" src=\"https:\/\/thierrydumont-duthy.fr\/wp-content\/uploads\/2022\/08\/Ok_DSC7632_Nb_a_27688_C1-200x300.jpg\" alt=\"\" class=\"wp-image-1292\" srcset=\"https:\/\/thierrydumont-duthy.fr\/wp-content\/uploads\/2022\/08\/Ok_DSC7632_Nb_a_27688_C1-200x300.jpg 200w, https:\/\/thierrydumont-duthy.fr\/wp-content\/uploads\/2022\/08\/Ok_DSC7632_Nb_a_27688_C1-682x1024.jpg 682w, https:\/\/thierrydumont-duthy.fr\/wp-content\/uploads\/2022\/08\/Ok_DSC7632_Nb_a_27688_C1-768x1153.jpg 768w, https:\/\/thierrydumont-duthy.fr\/wp-content\/uploads\/2022\/08\/Ok_DSC7632_Nb_a_27688_C1.jpg 799w\" sizes=\"auto, (max-width: 200px) 100vw, 200px\" \/><\/a><figcaption class=\"wp-element-caption\">Il a fait chaud &#8230;<\/figcaption><\/figure>\n\n\n\n<figure class=\"wp-block-image size-medium\"><a href=\"https:\/\/thierrydumont-duthy.fr\/wp-content\/uploads\/2022\/08\/Ok_DSC7609_Nb_a_27672_C1.jpg\"><img loading=\"lazy\" decoding=\"async\" width=\"300\" height=\"200\" data-id=\"1288\" src=\"https:\/\/thierrydumont-duthy.fr\/wp-content\/uploads\/2022\/08\/Ok_DSC7609_Nb_a_27672_C1-300x200.jpg\" alt=\"\" class=\"wp-image-1288\" srcset=\"https:\/\/thierrydumont-duthy.fr\/wp-content\/uploads\/2022\/08\/Ok_DSC7609_Nb_a_27672_C1-300x200.jpg 300w, https:\/\/thierrydumont-duthy.fr\/wp-content\/uploads\/2022\/08\/Ok_DSC7609_Nb_a_27672_C1-1024x682.jpg 1024w, https:\/\/thierrydumont-duthy.fr\/wp-content\/uploads\/2022\/08\/Ok_DSC7609_Nb_a_27672_C1-768x511.jpg 768w, https:\/\/thierrydumont-duthy.fr\/wp-content\/uploads\/2022\/08\/Ok_DSC7609_Nb_a_27672_C1.jpg 1200w\" sizes=\"auto, (max-width: 300px) 100vw, 300px\" \/><\/a><figcaption class=\"wp-element-caption\">Hommage &#8230;<\/figcaption><\/figure>\n<figcaption class=\"blocks-gallery-caption wp-element-caption\">Disponible pour expo au format 40&#215;60 cm.<\/figcaption><\/figure>\n\n\n\n<figure class=\"wp-block-gallery has-nested-images columns-default aligncenter wp-block-gallery-3 is-layout-flex wp-block-gallery-is-layout-flex\">\n<figure class=\"wp-block-image size-medium\"><a href=\"https:\/\/thierrydumont-duthy.fr\/wp-content\/uploads\/2022\/08\/Ok_DSC7726_b_27748_C1.jpg\"><img loading=\"lazy\" decoding=\"async\" width=\"300\" height=\"200\" data-id=\"1301\" src=\"https:\/\/thierrydumont-duthy.fr\/wp-content\/uploads\/2022\/08\/Ok_DSC7726_b_27748_C1-300x200.jpg\" alt=\"\" class=\"wp-image-1301\" srcset=\"https:\/\/thierrydumont-duthy.fr\/wp-content\/uploads\/2022\/08\/Ok_DSC7726_b_27748_C1-300x200.jpg 300w, https:\/\/thierrydumont-duthy.fr\/wp-content\/uploads\/2022\/08\/Ok_DSC7726_b_27748_C1-1024x682.jpg 1024w, https:\/\/thierrydumont-duthy.fr\/wp-content\/uploads\/2022\/08\/Ok_DSC7726_b_27748_C1-768x511.jpg 768w, https:\/\/thierrydumont-duthy.fr\/wp-content\/uploads\/2022\/08\/Ok_DSC7726_b_27748_C1.jpg 1200w\" sizes=\"auto, (max-width: 300px) 100vw, 300px\" \/><\/a><\/figure>\n\n\n\n<figure class=\"wp-block-image size-medium\"><a href=\"https:\/\/thierrydumont-duthy.fr\/wp-content\/uploads\/2022\/08\/Ok_DSC7633_b_27689_C1.jpg\"><img loading=\"lazy\" decoding=\"async\" width=\"300\" height=\"200\" data-id=\"1290\" src=\"https:\/\/thierrydumont-duthy.fr\/wp-content\/uploads\/2022\/08\/Ok_DSC7633_b_27689_C1-300x200.jpg\" alt=\"\" class=\"wp-image-1290\" srcset=\"https:\/\/thierrydumont-duthy.fr\/wp-content\/uploads\/2022\/08\/Ok_DSC7633_b_27689_C1-300x200.jpg 300w, https:\/\/thierrydumont-duthy.fr\/wp-content\/uploads\/2022\/08\/Ok_DSC7633_b_27689_C1-1024x682.jpg 1024w, https:\/\/thierrydumont-duthy.fr\/wp-content\/uploads\/2022\/08\/Ok_DSC7633_b_27689_C1-768x511.jpg 768w, https:\/\/thierrydumont-duthy.fr\/wp-content\/uploads\/2022\/08\/Ok_DSC7633_b_27689_C1.jpg 1200w\" sizes=\"auto, (max-width: 300px) 100vw, 300px\" \/><\/a><figcaption class=\"wp-element-caption\">Le Mazet du garde.<\/figcaption><\/figure>\n\n\n\n<figure class=\"wp-block-image size-medium\"><a href=\"https:\/\/thierrydumont-duthy.fr\/wp-content\/uploads\/2022\/08\/Ok_DSC7706_b_27737_C1.jpg\"><img loading=\"lazy\" decoding=\"async\" width=\"300\" height=\"200\" data-id=\"1298\" src=\"https:\/\/thierrydumont-duthy.fr\/wp-content\/uploads\/2022\/08\/Ok_DSC7706_b_27737_C1-300x200.jpg\" alt=\"\" class=\"wp-image-1298\" srcset=\"https:\/\/thierrydumont-duthy.fr\/wp-content\/uploads\/2022\/08\/Ok_DSC7706_b_27737_C1-300x200.jpg 300w, https:\/\/thierrydumont-duthy.fr\/wp-content\/uploads\/2022\/08\/Ok_DSC7706_b_27737_C1-1024x682.jpg 1024w, https:\/\/thierrydumont-duthy.fr\/wp-content\/uploads\/2022\/08\/Ok_DSC7706_b_27737_C1-768x511.jpg 768w, https:\/\/thierrydumont-duthy.fr\/wp-content\/uploads\/2022\/08\/Ok_DSC7706_b_27737_C1.jpg 1200w\" sizes=\"auto, (max-width: 300px) 100vw, 300px\" \/><\/a><\/figure>\n\n\n\n<figure class=\"wp-block-image size-medium\"><a href=\"https:\/\/thierrydumont-duthy.fr\/wp-content\/uploads\/2022\/08\/Ok_DSC7720_b_27744_C1.jpg\"><img loading=\"lazy\" decoding=\"async\" width=\"300\" height=\"200\" data-id=\"1297\" src=\"https:\/\/thierrydumont-duthy.fr\/wp-content\/uploads\/2022\/08\/Ok_DSC7720_b_27744_C1-300x200.jpg\" alt=\"\" class=\"wp-image-1297\" srcset=\"https:\/\/thierrydumont-duthy.fr\/wp-content\/uploads\/2022\/08\/Ok_DSC7720_b_27744_C1-300x200.jpg 300w, https:\/\/thierrydumont-duthy.fr\/wp-content\/uploads\/2022\/08\/Ok_DSC7720_b_27744_C1-1024x682.jpg 1024w, https:\/\/thierrydumont-duthy.fr\/wp-content\/uploads\/2022\/08\/Ok_DSC7720_b_27744_C1-768x511.jpg 768w, https:\/\/thierrydumont-duthy.fr\/wp-content\/uploads\/2022\/08\/Ok_DSC7720_b_27744_C1.jpg 1200w\" sizes=\"auto, (max-width: 300px) 100vw, 300px\" \/><\/a><\/figure>\n\n\n\n<figure class=\"wp-block-image size-medium\"><a href=\"https:\/\/thierrydumont-duthy.fr\/wp-content\/uploads\/2022\/08\/Ok_DSC7729_b_27751_C1.jpg\"><img loading=\"lazy\" decoding=\"async\" width=\"300\" height=\"200\" data-id=\"1299\" src=\"https:\/\/thierrydumont-duthy.fr\/wp-content\/uploads\/2022\/08\/Ok_DSC7729_b_27751_C1-300x200.jpg\" alt=\"\" class=\"wp-image-1299\" srcset=\"https:\/\/thierrydumont-duthy.fr\/wp-content\/uploads\/2022\/08\/Ok_DSC7729_b_27751_C1-300x200.jpg 300w, https:\/\/thierrydumont-duthy.fr\/wp-content\/uploads\/2022\/08\/Ok_DSC7729_b_27751_C1-1024x682.jpg 1024w, https:\/\/thierrydumont-duthy.fr\/wp-content\/uploads\/2022\/08\/Ok_DSC7729_b_27751_C1-768x511.jpg 768w, https:\/\/thierrydumont-duthy.fr\/wp-content\/uploads\/2022\/08\/Ok_DSC7729_b_27751_C1.jpg 1200w\" sizes=\"auto, (max-width: 300px) 100vw, 300px\" \/><\/a><\/figure>\n\n\n\n<figure class=\"wp-block-image size-medium\"><a href=\"https:\/\/thierrydumont-duthy.fr\/wp-content\/uploads\/2022\/08\/Ok_DSC7710_b_27739_C1.jpg\"><img loading=\"lazy\" decoding=\"async\" width=\"300\" height=\"200\" data-id=\"1300\" src=\"https:\/\/thierrydumont-duthy.fr\/wp-content\/uploads\/2022\/08\/Ok_DSC7710_b_27739_C1-300x200.jpg\" alt=\"\" class=\"wp-image-1300\" srcset=\"https:\/\/thierrydumont-duthy.fr\/wp-content\/uploads\/2022\/08\/Ok_DSC7710_b_27739_C1-300x200.jpg 300w, https:\/\/thierrydumont-duthy.fr\/wp-content\/uploads\/2022\/08\/Ok_DSC7710_b_27739_C1-1024x682.jpg 1024w, https:\/\/thierrydumont-duthy.fr\/wp-content\/uploads\/2022\/08\/Ok_DSC7710_b_27739_C1-768x511.jpg 768w, https:\/\/thierrydumont-duthy.fr\/wp-content\/uploads\/2022\/08\/Ok_DSC7710_b_27739_C1.jpg 1200w\" sizes=\"auto, (max-width: 300px) 100vw, 300px\" \/><\/a><\/figure>\n<figcaption class=\"blocks-gallery-caption wp-element-caption\">Disponible pour expo au format 40&#215;60 cm.<\/figcaption><\/figure>\n\n\n\n<p class=\"has-text-align-center\">Toutes les images sont disponibles en tirages d&rsquo;Arts num\u00e9rot\u00e9s x\/20<br>pour agr\u00e9menter vos int\u00e9rieurs &#8230; Bureau, salon, etc &#8230;<br>Et bien \u00e9videment pour \u00eatre expos\u00e9es !!<br>Contactez moi &#8230; <\/p>\n\n\n\n<div class=\"wp-block-columns is-layout-flex wp-container-core-columns-is-layout-9d6595d7 wp-block-columns-is-layout-flex\">\n<div class=\"wp-block-column is-layout-flow wp-block-column-is-layout-flow\" style=\"flex-basis:25%\"><\/div>\n\n\n\n<div class=\"wp-block-column is-layout-flow wp-block-column-is-layout-flow\" style=\"flex-basis:50%\"><div class=\"wp-block-image\">\n<figure class=\"aligncenter size-large\"><img loading=\"lazy\" decoding=\"async\" width=\"1024\" height=\"512\" src=\"https:\/\/thierrydumont-duthy.fr\/wp-content\/uploads\/2025\/05\/Tarif_Paysage_2025-1024x512.jpg\" alt=\"\" class=\"wp-image-1865\" srcset=\"https:\/\/thierrydumont-duthy.fr\/wp-content\/uploads\/2025\/05\/Tarif_Paysage_2025-1024x512.jpg 1024w, https:\/\/thierrydumont-duthy.fr\/wp-content\/uploads\/2025\/05\/Tarif_Paysage_2025-300x150.jpg 300w, https:\/\/thierrydumont-duthy.fr\/wp-content\/uploads\/2025\/05\/Tarif_Paysage_2025-768x384.jpg 768w, https:\/\/thierrydumont-duthy.fr\/wp-content\/uploads\/2025\/05\/Tarif_Paysage_2025.jpg 1200w\" sizes=\"auto, (max-width: 1024px) 100vw, 1024px\" \/><figcaption class=\"wp-element-caption\">Tarif_Paysage_2025<\/figcaption><\/figure><\/div><\/div>\n\n\n\n<div class=\"wp-block-column is-layout-flow wp-block-column-is-layout-flow\" style=\"flex-basis:25%\"><\/div>\n<\/div>\n","protected":false},"excerpt":{"rendered":"<p>G\u00e9n\u00e9rac apr\u00e8s les Incendies &#8230; Fin juillet 2019 &#8230; Je suis au volant de mon bus sur la rampe de Valdegour, \u00e0 N\u00eemes, quand je vois au loin le panache de fum\u00e9e, impressionnant, d&rsquo;une taille qui en dit long sur l&rsquo;ampleur &#8230; Le ballet des avions qui combattent cet incendie est aussi visible de ce [&hellip;]<\/p>\n","protected":false},"author":1,"featured_media":0,"parent":174,"menu_order":0,"comment_status":"closed","ping_status":"closed","template":"","meta":{"footnotes":""},"class_list":["post-1277","page","type-page","status-publish","hentry"],"_links":{"self":[{"href":"https:\/\/thierrydumont-duthy.fr\/index.php?rest_route=\/wp\/v2\/pages\/1277","targetHints":{"allow":["GET"]}}],"collection":[{"href":"https:\/\/thierrydumont-duthy.fr\/index.php?rest_route=\/wp\/v2\/pages"}],"about":[{"href":"https:\/\/thierrydumont-duthy.fr\/index.php?rest_route=\/wp\/v2\/types\/page"}],"author":[{"embeddable":true,"href":"https:\/\/thierrydumont-duthy.fr\/index.php?rest_route=\/wp\/v2\/users\/1"}],"replies":[{"embeddable":true,"href":"https:\/\/thierrydumont-duthy.fr\/index.php?rest_route=%2Fwp%2Fv2%2Fcomments&post=1277"}],"version-history":[{"count":16,"href":"https:\/\/thierrydumont-duthy.fr\/index.php?rest_route=\/wp\/v2\/pages\/1277\/revisions"}],"predecessor-version":[{"id":1889,"href":"https:\/\/thierrydumont-duthy.fr\/index.php?rest_route=\/wp\/v2\/pages\/1277\/revisions\/1889"}],"up":[{"embeddable":true,"href":"https:\/\/thierrydumont-duthy.fr\/index.php?rest_route=\/wp\/v2\/pages\/174"}],"wp:attachment":[{"href":"https:\/\/thierrydumont-duthy.fr\/index.php?rest_route=%2Fwp%2Fv2%2Fmedia&parent=1277"}],"curies":[{"name":"wp","href":"https:\/\/api.w.org\/{rel}","templated":true}]}}