{"id":1718,"date":"2024-03-26T17:01:59","date_gmt":"2024-03-26T16:01:59","guid":{"rendered":"https:\/\/thierrydumont-duthy.fr\/?page_id=1718"},"modified":"2025-05-08T14:07:55","modified_gmt":"2025-05-08T12:07:55","slug":"je-suis-pas-un-bout-de-viande","status":"publish","type":"page","link":"https:\/\/thierrydumont-duthy.fr\/?page_id=1718","title":{"rendered":"Je suis pas un Bout de Viande &#8230;"},"content":{"rendered":"\n<p class=\"has-text-align-center\">Je voulais d\u00e9noncer le fait que beaucoup trop souvent les femmes , filles , sont consid\u00e9r\u00e9es comme un bout de viande par certains &#8230; <br>Un sujet fort pour faire passer un message.<\/p>\n\n\n\n<p class=\"has-text-align-center\"><em><strong>le poids des photos &#8230; le choc des mots &#8230;<\/strong><\/em><\/p>\n\n\n\n<div class=\"wp-block-columns is-layout-flex wp-container-core-columns-is-layout-9d6595d7 wp-block-columns-is-layout-flex\">\n<div class=\"wp-block-column is-layout-flow wp-block-column-is-layout-flow\"><div class=\"wp-block-image\">\n<figure class=\"aligncenter size-large\"><a href=\"https:\/\/thierrydumont-duthy.fr\/wp-content\/uploads\/2024\/03\/1_DSC5207_a_38015_C1.jpg\"><img loading=\"lazy\" decoding=\"async\" width=\"682\" height=\"1024\" src=\"https:\/\/thierrydumont-duthy.fr\/wp-content\/uploads\/2024\/03\/1_DSC5207_a_38015_C1-682x1024.jpg\" alt=\"\" class=\"wp-image-1726\" srcset=\"https:\/\/thierrydumont-duthy.fr\/wp-content\/uploads\/2024\/03\/1_DSC5207_a_38015_C1-682x1024.jpg 682w, https:\/\/thierrydumont-duthy.fr\/wp-content\/uploads\/2024\/03\/1_DSC5207_a_38015_C1-200x300.jpg 200w, https:\/\/thierrydumont-duthy.fr\/wp-content\/uploads\/2024\/03\/1_DSC5207_a_38015_C1-768x1153.jpg 768w, https:\/\/thierrydumont-duthy.fr\/wp-content\/uploads\/2024\/03\/1_DSC5207_a_38015_C1.jpg 799w\" sizes=\"auto, (max-width: 682px) 100vw, 682px\" \/><\/a><figcaption class=\"wp-element-caption\">Pas ton bout de viande <\/figcaption><\/figure><\/div><\/div>\n\n\n\n<div class=\"wp-block-column is-layout-flow wp-block-column-is-layout-flow\"><div class=\"wp-block-image\">\n<figure class=\"aligncenter size-large\"><a href=\"https:\/\/thierrydumont-duthy.fr\/wp-content\/uploads\/2024\/03\/2_DSC5219_a_38024_C1.jpg\"><img loading=\"lazy\" decoding=\"async\" width=\"682\" height=\"1024\" src=\"https:\/\/thierrydumont-duthy.fr\/wp-content\/uploads\/2024\/03\/2_DSC5219_a_38024_C1-682x1024.jpg\" alt=\"\" class=\"wp-image-1721\" srcset=\"https:\/\/thierrydumont-duthy.fr\/wp-content\/uploads\/2024\/03\/2_DSC5219_a_38024_C1-682x1024.jpg 682w, https:\/\/thierrydumont-duthy.fr\/wp-content\/uploads\/2024\/03\/2_DSC5219_a_38024_C1-200x300.jpg 200w, https:\/\/thierrydumont-duthy.fr\/wp-content\/uploads\/2024\/03\/2_DSC5219_a_38024_C1-768x1153.jpg 768w, https:\/\/thierrydumont-duthy.fr\/wp-content\/uploads\/2024\/03\/2_DSC5219_a_38024_C1.jpg 799w\" sizes=\"auto, (max-width: 682px) 100vw, 682px\" \/><\/a><figcaption class=\"wp-element-caption\">Pas \u00e0 prendre <\/figcaption><\/figure><\/div><\/div>\n\n\n\n<div class=\"wp-block-column is-layout-flow wp-block-column-is-layout-flow\">\n<figure class=\"wp-block-image size-large\"><a href=\"https:\/\/thierrydumont-duthy.fr\/wp-content\/uploads\/2024\/03\/3_DSC5197_a_38005_C1.jpg\"><img loading=\"lazy\" decoding=\"async\" width=\"682\" height=\"1024\" src=\"https:\/\/thierrydumont-duthy.fr\/wp-content\/uploads\/2024\/03\/3_DSC5197_a_38005_C1-682x1024.jpg\" alt=\"\" class=\"wp-image-1725\" srcset=\"https:\/\/thierrydumont-duthy.fr\/wp-content\/uploads\/2024\/03\/3_DSC5197_a_38005_C1-682x1024.jpg 682w, https:\/\/thierrydumont-duthy.fr\/wp-content\/uploads\/2024\/03\/3_DSC5197_a_38005_C1-200x300.jpg 200w, https:\/\/thierrydumont-duthy.fr\/wp-content\/uploads\/2024\/03\/3_DSC5197_a_38005_C1-768x1153.jpg 768w, https:\/\/thierrydumont-duthy.fr\/wp-content\/uploads\/2024\/03\/3_DSC5197_a_38005_C1.jpg 799w\" sizes=\"auto, (max-width: 682px) 100vw, 682px\" \/><\/a><\/figure>\n<\/div>\n<\/div>\n\n\n\n<figure class=\"wp-block-table\"><table><tbody><tr><td>Assign\u00e9e fille \u00e0 la naissance, elle deviendra le premier produit de consommation de l&rsquo;homme.<br>&nbsp;<br>\u00c9lev\u00e9e en \u00e9tant nourrie par une autre esp\u00e8ce, il faudra qu&rsquo;elle soit mince, mais avec des formes, blonde de pr\u00e9f\u00e9rence, cheveux lisse et yeux bleu, un homme \u00e0 moustache ayant d\u00e9cr\u00e9t\u00e9 il y a 80 ans qu&rsquo;il s&rsquo;agirait de la meilleur viande, les ann\u00e9es passent, les go\u00fbts n&rsquo;\u00e9voluent pas beaucoup.<br>&nbsp;<br>Liposuccion quand il y en a trop, et silicone dans les fesses, les seins, les l\u00e8vres s&rsquo;il n&rsquo;y en a pas assez.<br>&nbsp;<br>Pesticides dans les tampons, elle ne laissera pas couler son sang impur.<br>&nbsp;<br>Consomm\u00e9e, puis abattue, ainsi va la vie de l&rsquo;esp\u00e8ce f\u00e9minine, cette sous esp\u00e8ces victime du premier tueur sur terre : l&rsquo;homme.<br>&nbsp;<br><em><strong>Texte \u00e9crit par : Dolly<\/strong>.&nbsp;<\/em><\/td><\/tr><\/tbody><\/table><\/figure>\n\n\n\n<p><\/p>\n\n\n\n<div class=\"wp-block-columns is-layout-flex wp-container-core-columns-is-layout-9d6595d7 wp-block-columns-is-layout-flex\">\n<div class=\"wp-block-column is-layout-flow wp-block-column-is-layout-flow\"><div class=\"wp-block-image\">\n<figure class=\"aligncenter size-large\"><a href=\"https:\/\/thierrydumont-duthy.fr\/wp-content\/uploads\/2024\/03\/4_DSC5191_a_38001_C1.jpg\"><img loading=\"lazy\" decoding=\"async\" width=\"683\" height=\"1024\" src=\"https:\/\/thierrydumont-duthy.fr\/wp-content\/uploads\/2024\/03\/4_DSC5191_a_38001_C1-683x1024.jpg\" alt=\"\" class=\"wp-image-1724\" srcset=\"https:\/\/thierrydumont-duthy.fr\/wp-content\/uploads\/2024\/03\/4_DSC5191_a_38001_C1-683x1024.jpg 683w, https:\/\/thierrydumont-duthy.fr\/wp-content\/uploads\/2024\/03\/4_DSC5191_a_38001_C1-200x300.jpg 200w, https:\/\/thierrydumont-duthy.fr\/wp-content\/uploads\/2024\/03\/4_DSC5191_a_38001_C1-768x1152.jpg 768w, https:\/\/thierrydumont-duthy.fr\/wp-content\/uploads\/2024\/03\/4_DSC5191_a_38001_C1.jpg 800w\" sizes=\"auto, (max-width: 683px) 100vw, 683px\" \/><\/a><figcaption class=\"wp-element-caption\">Pas un bout de viande <\/figcaption><\/figure><\/div><\/div>\n\n\n\n<div class=\"wp-block-column is-layout-flow wp-block-column-is-layout-flow\"><\/div>\n\n\n\n<div class=\"wp-block-column is-layout-flow wp-block-column-is-layout-flow\"><div class=\"wp-block-image\">\n<figure class=\"aligncenter size-large\"><a href=\"https:\/\/thierrydumont-duthy.fr\/wp-content\/uploads\/2024\/03\/5_DSC5202_a_38010_C1.jpg\"><img loading=\"lazy\" decoding=\"async\" width=\"683\" height=\"1024\" src=\"https:\/\/thierrydumont-duthy.fr\/wp-content\/uploads\/2024\/03\/5_DSC5202_a_38010_C1-683x1024.jpg\" alt=\"\" class=\"wp-image-1728\" srcset=\"https:\/\/thierrydumont-duthy.fr\/wp-content\/uploads\/2024\/03\/5_DSC5202_a_38010_C1-683x1024.jpg 683w, https:\/\/thierrydumont-duthy.fr\/wp-content\/uploads\/2024\/03\/5_DSC5202_a_38010_C1-200x300.jpg 200w, https:\/\/thierrydumont-duthy.fr\/wp-content\/uploads\/2024\/03\/5_DSC5202_a_38010_C1-768x1152.jpg 768w, https:\/\/thierrydumont-duthy.fr\/wp-content\/uploads\/2024\/03\/5_DSC5202_a_38010_C1.jpg 800w\" sizes=\"auto, (max-width: 683px) 100vw, 683px\" \/><\/a><figcaption class=\"wp-element-caption\">Pas un bout de viande <\/figcaption><\/figure><\/div>\n\n\n<p><\/p>\n<\/div>\n<\/div>\n\n\n\n<figure class=\"wp-block-table\"><table><tbody><tr><td>Gigotant, les yeux roulant comme des billes.<br>Le souffle court, la sueur froide coulant le long de la tempe.<br>Il est l\u00e0. Tu le sens, tu es nerveuse.<br><br>Sa lame ac\u00e9r\u00e9e vient caresser ta cuisse, tu sursautes\u2026<br>Tu g\u00e9mis de surprise, tu mords tes l\u00e8vres blanches.<br>Ses mains viennent te plaquer, tu ne sais plus o\u00f9 tu es.<br>Quel est le haut, le bas ?<br><br>Tu regardes son arme, qu&rsquo;il brandit fi\u00e8rement comme un troph\u00e9e&#8230; <br>Elle a fait tellement de victimes.<br>Chirurgicalement, il s&rsquo;enfonce.<br>Tu veux hurler, mais qui t&rsquo;entendra dans ce lieu si recul\u00e9 ?<br><br>Cet objet de souffrance qui vient meurtrir ton corps, qui suffit \u00e0 le satisfaire.<br>Les cris ne sont d&rsquo;aucune utilit\u00e9 ici. C&rsquo;est ainsi.<br>Et il finit par attendrir le tout de sa sauce pr\u00e9f\u00e9r\u00e9e, pour mieux d\u00e9vorer ce qu&rsquo;il reste par la suite.<br><br>\u00ab\u00a0Elle n&rsquo;est pas belle ma b\u00eate ?!<br>Regardez-moi la pr\u00e9cision qu&rsquo;il a fallu pour tout d\u00e9couper.<br>Alors ma p&rsquo;tite dame ?<br>Le c\u0153ur ou la cuisse ?<br><br>\u00ab\u00a0Et les yeux vitreux que tu regardes&#8230; ne seraient-ce pas les tiens ?<br><br><em><strong>Texte \u00e9crit par : Jellou<\/strong>.<\/em><\/td><\/tr><\/tbody><\/table><\/figure>\n\n\n\n<p><\/p>\n\n\n\n<div class=\"wp-block-columns is-layout-flex wp-container-core-columns-is-layout-9d6595d7 wp-block-columns-is-layout-flex\">\n<div class=\"wp-block-column is-layout-flow wp-block-column-is-layout-flow\"><div class=\"wp-block-image\">\n<figure class=\"alignleft size-large\"><a href=\"https:\/\/thierrydumont-duthy.fr\/wp-content\/uploads\/2024\/03\/6_DSC5176_a_37989_C1.jpg\"><img loading=\"lazy\" decoding=\"async\" width=\"1024\" height=\"682\" src=\"https:\/\/thierrydumont-duthy.fr\/wp-content\/uploads\/2024\/03\/6_DSC5176_a_37989_C1-1024x682.jpg\" alt=\"\" class=\"wp-image-1727\" srcset=\"https:\/\/thierrydumont-duthy.fr\/wp-content\/uploads\/2024\/03\/6_DSC5176_a_37989_C1-1024x682.jpg 1024w, https:\/\/thierrydumont-duthy.fr\/wp-content\/uploads\/2024\/03\/6_DSC5176_a_37989_C1-300x200.jpg 300w, https:\/\/thierrydumont-duthy.fr\/wp-content\/uploads\/2024\/03\/6_DSC5176_a_37989_C1-768x511.jpg 768w, https:\/\/thierrydumont-duthy.fr\/wp-content\/uploads\/2024\/03\/6_DSC5176_a_37989_C1.jpg 1200w\" sizes=\"auto, (max-width: 1024px) 100vw, 1024px\" \/><\/a><figcaption class=\"wp-element-caption\">Pas un produit de consommation&nbsp; <\/figcaption><\/figure><\/div><\/div>\n\n\n\n<div class=\"wp-block-column is-layout-flow wp-block-column-is-layout-flow\"><div class=\"wp-block-image\">\n<figure class=\"alignright size-large\"><a href=\"https:\/\/thierrydumont-duthy.fr\/wp-content\/uploads\/2024\/03\/8_DSC5179_a_37991_C1.jpg\"><img loading=\"lazy\" decoding=\"async\" width=\"1024\" height=\"682\" src=\"https:\/\/thierrydumont-duthy.fr\/wp-content\/uploads\/2024\/03\/8_DSC5179_a_37991_C1-1024x682.jpg\" alt=\"\" class=\"wp-image-1722\" srcset=\"https:\/\/thierrydumont-duthy.fr\/wp-content\/uploads\/2024\/03\/8_DSC5179_a_37991_C1-1024x682.jpg 1024w, https:\/\/thierrydumont-duthy.fr\/wp-content\/uploads\/2024\/03\/8_DSC5179_a_37991_C1-300x200.jpg 300w, https:\/\/thierrydumont-duthy.fr\/wp-content\/uploads\/2024\/03\/8_DSC5179_a_37991_C1-768x511.jpg 768w, https:\/\/thierrydumont-duthy.fr\/wp-content\/uploads\/2024\/03\/8_DSC5179_a_37991_C1.jpg 1200w\" sizes=\"auto, (max-width: 1024px) 100vw, 1024px\" \/><\/a><figcaption class=\"wp-element-caption\">Pas un produit de consommation&nbsp; <\/figcaption><\/figure><\/div><\/div>\n<\/div>\n\n\n\n<div class=\"wp-block-columns is-not-stacked-on-mobile is-layout-flex wp-container-core-columns-is-layout-9d6595d7 wp-block-columns-is-layout-flex\">\n<div class=\"wp-block-column is-layout-flow wp-block-column-is-layout-flow\"><div class=\"wp-block-image\">\n<figure class=\"aligncenter size-full\"><a href=\"https:\/\/thierrydumont-duthy.fr\/wp-content\/uploads\/2024\/03\/7_DSC6268_a_39001_C1.jpg\"><img loading=\"lazy\" decoding=\"async\" width=\"1200\" height=\"800\" src=\"https:\/\/thierrydumont-duthy.fr\/wp-content\/uploads\/2024\/03\/7_DSC6268_a_39001_C1.jpg\" alt=\"\" class=\"wp-image-1723\" srcset=\"https:\/\/thierrydumont-duthy.fr\/wp-content\/uploads\/2024\/03\/7_DSC6268_a_39001_C1.jpg 1200w, https:\/\/thierrydumont-duthy.fr\/wp-content\/uploads\/2024\/03\/7_DSC6268_a_39001_C1-300x200.jpg 300w, https:\/\/thierrydumont-duthy.fr\/wp-content\/uploads\/2024\/03\/7_DSC6268_a_39001_C1-1024x683.jpg 1024w, https:\/\/thierrydumont-duthy.fr\/wp-content\/uploads\/2024\/03\/7_DSC6268_a_39001_C1-768x512.jpg 768w\" sizes=\"auto, (max-width: 1200px) 100vw, 1200px\" \/><\/a><figcaption class=\"wp-element-caption\">Passe pas \u00e0 la casserole<\/figcaption><\/figure><\/div><\/div>\n<\/div>\n\n\n\n<figure class=\"wp-block-table\"><table><tbody><tr><td>Peu de retenue devant un tel \u00e9talage.<br>Autant de bons morceaux, mon dieu quel d\u00e9paquetage.<br>Les offres vont et viennent, honni le marchandage !<br>Produits certifi\u00e9s, garanti sans d\u00e9frichage.<br>&nbsp;<br>Dans une chambre froide, leur beaut\u00e9 se fait fra\u00eeche,<br>Le regard vid\u00e9 mais marqu\u00e9 par les heures sombres.<br>Le roi de l&rsquo;indiff\u00e9rence, les traite comme des b\u00eates,<br>Offrant pour r\u00e9compense, l&rsquo;oubli de leur nombre.<br>&nbsp;<br>Les femmes en bout de viande, s&rsquo;\u00e9talent sans fiert\u00e9.<br>Leurs vies d\u00e9chir\u00e9es, un affichage d\u00e9sol\u00e9.<br>Leur corps monnay\u00e9, sans piti\u00e9 d\u00e9vast\u00e9,<br>\u00c9quarri de leur \u00e2me, br\u00fblant leur destin\u00e9e.<br>&nbsp;<br>G\u00e2t\u00e9 de turgescence, \u00ab\u00a0ce ne sont que des hommes\u00a0\u00bb !<br>Autant de r\u00e9clame n&rsquo;induisant que de tourments.<br>Devant cette violence crue, questionnant ce fondement.<br>S\u00e9parer l&rsquo;\u00e2me du corps, r\u00e9pudions ce summum.<br><br><em><strong>Texte \u00e9crit par : Lybran Craft.<\/strong><\/em><\/td><\/tr><\/tbody><\/table><\/figure>\n\n\n\n<div class=\"wp-block-columns is-layout-flex wp-container-core-columns-is-layout-9d6595d7 wp-block-columns-is-layout-flex\">\n<div class=\"wp-block-column is-layout-flow wp-block-column-is-layout-flow\">\n<figure class=\"wp-block-image size-large\"><a href=\"https:\/\/thierrydumont-duthy.fr\/wp-content\/uploads\/2024\/03\/DSC6355_a_39037_C1.jpg\"><img loading=\"lazy\" decoding=\"async\" width=\"683\" height=\"1024\" src=\"https:\/\/thierrydumont-duthy.fr\/wp-content\/uploads\/2024\/03\/DSC6355_a_39037_C1-683x1024.jpg\" alt=\"\" class=\"wp-image-1744\" srcset=\"https:\/\/thierrydumont-duthy.fr\/wp-content\/uploads\/2024\/03\/DSC6355_a_39037_C1-683x1024.jpg 683w, https:\/\/thierrydumont-duthy.fr\/wp-content\/uploads\/2024\/03\/DSC6355_a_39037_C1-200x300.jpg 200w, https:\/\/thierrydumont-duthy.fr\/wp-content\/uploads\/2024\/03\/DSC6355_a_39037_C1-768x1152.jpg 768w, https:\/\/thierrydumont-duthy.fr\/wp-content\/uploads\/2024\/03\/DSC6355_a_39037_C1.jpg 800w\" sizes=\"auto, (max-width: 683px) 100vw, 683px\" \/><\/a><figcaption class=\"wp-element-caption\">Je veux mourir, je me sens souill\u00e9e<\/figcaption><\/figure>\n<\/div>\n\n\n\n<div class=\"wp-block-column is-layout-flow wp-block-column-is-layout-flow\"><\/div>\n\n\n\n<div class=\"wp-block-column is-layout-flow wp-block-column-is-layout-flow\">\n<figure class=\"wp-block-image size-large\"><a href=\"https:\/\/thierrydumont-duthy.fr\/wp-content\/uploads\/2024\/03\/9_DSC5187_a_37997_C1.jpg\"><img loading=\"lazy\" decoding=\"async\" width=\"682\" height=\"1024\" src=\"https:\/\/thierrydumont-duthy.fr\/wp-content\/uploads\/2024\/03\/9_DSC5187_a_37997_C1-682x1024.jpg\" alt=\"\" class=\"wp-image-1720\" srcset=\"https:\/\/thierrydumont-duthy.fr\/wp-content\/uploads\/2024\/03\/9_DSC5187_a_37997_C1-682x1024.jpg 682w, https:\/\/thierrydumont-duthy.fr\/wp-content\/uploads\/2024\/03\/9_DSC5187_a_37997_C1-200x300.jpg 200w, https:\/\/thierrydumont-duthy.fr\/wp-content\/uploads\/2024\/03\/9_DSC5187_a_37997_C1-768x1153.jpg 768w, https:\/\/thierrydumont-duthy.fr\/wp-content\/uploads\/2024\/03\/9_DSC5187_a_37997_C1.jpg 799w\" sizes=\"auto, (max-width: 682px) 100vw, 682px\" \/><\/a><figcaption class=\"wp-element-caption\">Pas \u00e0 vendre&nbsp;\n<\/figcaption><\/figure>\n<\/div>\n<\/div>\n\n\n\n<p class=\"has-text-align-center\">Un grand merci aux Auteurs des Textes qui accompagnent cette s\u00e9rie d&rsquo;images r\u00e9serv\u00e9es \u00e0 l&rsquo;Exposition.<br>Et un \u00c9norme Merci aux mod\u00e8les pour ce travail !!<\/p>\n\n\n\n<p class=\"has-text-align-center\">Toutes les images sont disponibles en tirages d&rsquo;Arts num\u00e9rot\u00e9s x\/10<br>pour agr\u00e9menter vos int\u00e9rieurs &#8230; Bureau, salon, etc &#8230;<br>Et bien \u00e9videment pour \u00eatre expos\u00e9es !!<\/p>\n\n\n\n<div class=\"wp-block-columns is-layout-flex wp-container-core-columns-is-layout-9d6595d7 wp-block-columns-is-layout-flex\">\n<div class=\"wp-block-column is-layout-flow wp-block-column-is-layout-flow\" style=\"flex-basis:25%\"><\/div>\n\n\n\n<div class=\"wp-block-column is-layout-flow wp-block-column-is-layout-flow\" style=\"flex-basis:50%\"><div class=\"wp-block-image\">\n<figure class=\"aligncenter size-large\"><img loading=\"lazy\" decoding=\"async\" width=\"1024\" height=\"516\" src=\"https:\/\/thierrydumont-duthy.fr\/wp-content\/uploads\/2025\/05\/Tarif_Nu_2025-1024x516.jpg\" alt=\"\" class=\"wp-image-1866\" srcset=\"https:\/\/thierrydumont-duthy.fr\/wp-content\/uploads\/2025\/05\/Tarif_Nu_2025-1024x516.jpg 1024w, https:\/\/thierrydumont-duthy.fr\/wp-content\/uploads\/2025\/05\/Tarif_Nu_2025-300x151.jpg 300w, https:\/\/thierrydumont-duthy.fr\/wp-content\/uploads\/2025\/05\/Tarif_Nu_2025-768x387.jpg 768w, https:\/\/thierrydumont-duthy.fr\/wp-content\/uploads\/2025\/05\/Tarif_Nu_2025.jpg 1200w\" sizes=\"auto, (max-width: 1024px) 100vw, 1024px\" \/><figcaption class=\"wp-element-caption\">Tarif_Nu_2025<\/figcaption><\/figure><\/div><\/div>\n\n\n\n<div class=\"wp-block-column is-layout-flow wp-block-column-is-layout-flow\" style=\"flex-basis:25%\"><\/div>\n<\/div>\n","protected":false},"excerpt":{"rendered":"<p>Je voulais d\u00e9noncer le fait que beaucoup trop souvent les femmes , filles , sont consid\u00e9r\u00e9es comme un bout de viande par certains &#8230; Un sujet fort pour faire passer un message. le poids des photos &#8230; le choc des mots &#8230; Assign\u00e9e fille \u00e0 la naissance, elle deviendra le premier produit de consommation de [&hellip;]<\/p>\n","protected":false},"author":1,"featured_media":0,"parent":44,"menu_order":0,"comment_status":"closed","ping_status":"closed","template":"","meta":{"footnotes":""},"class_list":["post-1718","page","type-page","status-publish","hentry"],"_links":{"self":[{"href":"https:\/\/thierrydumont-duthy.fr\/index.php?rest_route=\/wp\/v2\/pages\/1718","targetHints":{"allow":["GET"]}}],"collection":[{"href":"https:\/\/thierrydumont-duthy.fr\/index.php?rest_route=\/wp\/v2\/pages"}],"about":[{"href":"https:\/\/thierrydumont-duthy.fr\/index.php?rest_route=\/wp\/v2\/types\/page"}],"author":[{"embeddable":true,"href":"https:\/\/thierrydumont-duthy.fr\/index.php?rest_route=\/wp\/v2\/users\/1"}],"replies":[{"embeddable":true,"href":"https:\/\/thierrydumont-duthy.fr\/index.php?rest_route=%2Fwp%2Fv2%2Fcomments&post=1718"}],"version-history":[{"count":28,"href":"https:\/\/thierrydumont-duthy.fr\/index.php?rest_route=\/wp\/v2\/pages\/1718\/revisions"}],"predecessor-version":[{"id":1927,"href":"https:\/\/thierrydumont-duthy.fr\/index.php?rest_route=\/wp\/v2\/pages\/1718\/revisions\/1927"}],"up":[{"embeddable":true,"href":"https:\/\/thierrydumont-duthy.fr\/index.php?rest_route=\/wp\/v2\/pages\/44"}],"wp:attachment":[{"href":"https:\/\/thierrydumont-duthy.fr\/index.php?rest_route=%2Fwp%2Fv2%2Fmedia&parent=1718"}],"curies":[{"name":"wp","href":"https:\/\/api.w.org\/{rel}","templated":true}]}}