{"id":208,"date":"2018-02-18T22:27:02","date_gmt":"2018-02-18T21:27:02","guid":{"rendered":"http:\/\/thierrydumont-duthy.fr\/?page_id=208"},"modified":"2025-05-08T12:51:12","modified_gmt":"2025-05-08T10:51:12","slug":"camargue","status":"publish","type":"page","link":"https:\/\/thierrydumont-duthy.fr\/?page_id=208","title":{"rendered":"Camargue"},"content":{"rendered":"<h3 style=\"text-align: center;\">La Camargue &#8230;<\/h3>\n<p style=\"text-align: center;\">Il me faut bien l\u2019avouer, ce vaste territoire est un de mes terrains de jeux depuis que je pratique la photo ( 2010 ).<br \/>\nLa Camargue fait partie des lieux photog\u00e9niques de notre Magnifique r\u00e9gion !<\/p>\n<p style=\"text-align: center;\">Les couchers de soleils hivernaux, les poses longues, le mistral plus ou moins pr\u00e9sent<br \/>\nmettent en lumi\u00e8re la nature et le travail de l\u2019Homme \u2026<br \/>\nCette r\u00e9gion est un sujet que j\u2019affectionne car ces paysages sont remarquables et changeants.<\/p>\n<div id='gallery-1' class='gallery galleryid-208 gallery-columns-3 gallery-size-medium'><figure class='gallery-item'>\n\t\t\t<div class='gallery-icon landscape'>\n\t\t\t\t<a href='https:\/\/thierrydumont-duthy.fr\/wp-content\/uploads\/2018\/02\/Camargue_Charnier_DSC_2499_a_19338.jpg'><img loading=\"lazy\" decoding=\"async\" width=\"300\" height=\"199\" src=\"https:\/\/thierrydumont-duthy.fr\/wp-content\/uploads\/2018\/02\/Camargue_Charnier_DSC_2499_a_19338-300x199.jpg\" class=\"attachment-medium size-medium\" alt=\"\" aria-describedby=\"gallery-1-66\" srcset=\"https:\/\/thierrydumont-duthy.fr\/wp-content\/uploads\/2018\/02\/Camargue_Charnier_DSC_2499_a_19338-300x199.jpg 300w, https:\/\/thierrydumont-duthy.fr\/wp-content\/uploads\/2018\/02\/Camargue_Charnier_DSC_2499_a_19338-768x510.jpg 768w, https:\/\/thierrydumont-duthy.fr\/wp-content\/uploads\/2018\/02\/Camargue_Charnier_DSC_2499_a_19338-1024x680.jpg 1024w, https:\/\/thierrydumont-duthy.fr\/wp-content\/uploads\/2018\/02\/Camargue_Charnier_DSC_2499_a_19338.jpg 1200w\" sizes=\"auto, (max-width: 300px) 100vw, 300px\" \/><\/a>\n\t\t\t<\/div>\n\t\t\t\t<figcaption class='wp-caption-text gallery-caption' id='gallery-1-66'>\n\t\t\t\tEtang du Charnier \n\t\t\t\t<\/figcaption><\/figure><figure class='gallery-item'>\n\t\t\t<div class='gallery-icon landscape'>\n\t\t\t\t<a href='https:\/\/thierrydumont-duthy.fr\/wp-content\/uploads\/2018\/02\/Camargues_Etang_Mourres_DSC_4601_a_13987.jpg'><img loading=\"lazy\" decoding=\"async\" width=\"300\" height=\"199\" src=\"https:\/\/thierrydumont-duthy.fr\/wp-content\/uploads\/2018\/02\/Camargues_Etang_Mourres_DSC_4601_a_13987-300x199.jpg\" class=\"attachment-medium size-medium\" alt=\"\" aria-describedby=\"gallery-1-89\" srcset=\"https:\/\/thierrydumont-duthy.fr\/wp-content\/uploads\/2018\/02\/Camargues_Etang_Mourres_DSC_4601_a_13987-300x199.jpg 300w, https:\/\/thierrydumont-duthy.fr\/wp-content\/uploads\/2018\/02\/Camargues_Etang_Mourres_DSC_4601_a_13987-768x509.jpg 768w, https:\/\/thierrydumont-duthy.fr\/wp-content\/uploads\/2018\/02\/Camargues_Etang_Mourres_DSC_4601_a_13987-1024x679.jpg 1024w, https:\/\/thierrydumont-duthy.fr\/wp-content\/uploads\/2018\/02\/Camargues_Etang_Mourres_DSC_4601_a_13987.jpg 1200w\" sizes=\"auto, (max-width: 300px) 100vw, 300px\" \/><\/a>\n\t\t\t<\/div>\n\t\t\t\t<figcaption class='wp-caption-text gallery-caption' id='gallery-1-89'>\n\t\t\t\tEtang des Moures\n\t\t\t\t<\/figcaption><\/figure><figure class='gallery-item'>\n\t\t\t<div class='gallery-icon portrait'>\n\t\t\t\t<a href='https:\/\/thierrydumont-duthy.fr\/wp-content\/uploads\/2018\/03\/Camargue_Vaccares_DSC_4025_a_7151.jpg'><img loading=\"lazy\" decoding=\"async\" width=\"200\" height=\"300\" src=\"https:\/\/thierrydumont-duthy.fr\/wp-content\/uploads\/2018\/03\/Camargue_Vaccares_DSC_4025_a_7151-200x300.jpg\" class=\"attachment-medium size-medium\" alt=\"\" aria-describedby=\"gallery-1-445\" srcset=\"https:\/\/thierrydumont-duthy.fr\/wp-content\/uploads\/2018\/03\/Camargue_Vaccares_DSC_4025_a_7151-200x300.jpg 200w, https:\/\/thierrydumont-duthy.fr\/wp-content\/uploads\/2018\/03\/Camargue_Vaccares_DSC_4025_a_7151-768x1153.jpg 768w, https:\/\/thierrydumont-duthy.fr\/wp-content\/uploads\/2018\/03\/Camargue_Vaccares_DSC_4025_a_7151-682x1024.jpg 682w, https:\/\/thierrydumont-duthy.fr\/wp-content\/uploads\/2018\/03\/Camargue_Vaccares_DSC_4025_a_7151.jpg 799w\" sizes=\"auto, (max-width: 200px) 100vw, 200px\" \/><\/a>\n\t\t\t<\/div>\n\t\t\t\t<figcaption class='wp-caption-text gallery-caption' id='gallery-1-445'>\n\t\t\t\t\u00c9tang du Vaccar\u00e8s \n\t\t\t\t<\/figcaption><\/figure><figure class='gallery-item'>\n\t\t\t<div class='gallery-icon landscape'>\n\t\t\t\t<a href='https:\/\/thierrydumont-duthy.fr\/wp-content\/uploads\/2018\/03\/DSC_3051_a_1472.jpg'><img loading=\"lazy\" decoding=\"async\" width=\"300\" height=\"199\" src=\"https:\/\/thierrydumont-duthy.fr\/wp-content\/uploads\/2018\/03\/DSC_3051_a_1472-300x199.jpg\" class=\"attachment-medium size-medium\" alt=\"\" aria-describedby=\"gallery-1-466\" srcset=\"https:\/\/thierrydumont-duthy.fr\/wp-content\/uploads\/2018\/03\/DSC_3051_a_1472-300x199.jpg 300w, https:\/\/thierrydumont-duthy.fr\/wp-content\/uploads\/2018\/03\/DSC_3051_a_1472-768x510.jpg 768w, https:\/\/thierrydumont-duthy.fr\/wp-content\/uploads\/2018\/03\/DSC_3051_a_1472-1024x680.jpg 1024w, https:\/\/thierrydumont-duthy.fr\/wp-content\/uploads\/2018\/03\/DSC_3051_a_1472.jpg 1200w\" sizes=\"auto, (max-width: 300px) 100vw, 300px\" \/><\/a>\n\t\t\t<\/div>\n\t\t\t\t<figcaption class='wp-caption-text gallery-caption' id='gallery-1-466'>\n\t\t\t\t\u00c9tang du Vaccar\u00e8s \n\t\t\t\t<\/figcaption><\/figure><figure class='gallery-item'>\n\t\t\t<div class='gallery-icon landscape'>\n\t\t\t\t<a href='https:\/\/thierrydumont-duthy.fr\/wp-content\/uploads\/2018\/02\/Camargue_Etang_Mourres_DSC_4633_a_14012.jpg'><img loading=\"lazy\" decoding=\"async\" width=\"300\" height=\"199\" src=\"https:\/\/thierrydumont-duthy.fr\/wp-content\/uploads\/2018\/02\/Camargue_Etang_Mourres_DSC_4633_a_14012-300x199.jpg\" class=\"attachment-medium size-medium\" alt=\"\" aria-describedby=\"gallery-1-87\" srcset=\"https:\/\/thierrydumont-duthy.fr\/wp-content\/uploads\/2018\/02\/Camargue_Etang_Mourres_DSC_4633_a_14012-300x199.jpg 300w, https:\/\/thierrydumont-duthy.fr\/wp-content\/uploads\/2018\/02\/Camargue_Etang_Mourres_DSC_4633_a_14012-768x509.jpg 768w, https:\/\/thierrydumont-duthy.fr\/wp-content\/uploads\/2018\/02\/Camargue_Etang_Mourres_DSC_4633_a_14012-1024x679.jpg 1024w, https:\/\/thierrydumont-duthy.fr\/wp-content\/uploads\/2018\/02\/Camargue_Etang_Mourres_DSC_4633_a_14012.jpg 1200w\" sizes=\"auto, (max-width: 300px) 100vw, 300px\" \/><\/a>\n\t\t\t<\/div>\n\t\t\t\t<figcaption class='wp-caption-text gallery-caption' id='gallery-1-87'>\n\t\t\t\tEtang des Moures \n\t\t\t\t<\/figcaption><\/figure><figure class='gallery-item'>\n\t\t\t<div class='gallery-icon portrait'>\n\t\t\t\t<a href='https:\/\/thierrydumont-duthy.fr\/wp-content\/uploads\/2018\/03\/DSC_4422_a_7406.jpg'><img loading=\"lazy\" decoding=\"async\" width=\"199\" height=\"300\" src=\"https:\/\/thierrydumont-duthy.fr\/wp-content\/uploads\/2018\/03\/DSC_4422_a_7406-199x300.jpg\" class=\"attachment-medium size-medium\" alt=\"\" aria-describedby=\"gallery-1-467\" srcset=\"https:\/\/thierrydumont-duthy.fr\/wp-content\/uploads\/2018\/03\/DSC_4422_a_7406-199x300.jpg 199w, https:\/\/thierrydumont-duthy.fr\/wp-content\/uploads\/2018\/03\/DSC_4422_a_7406-768x1158.jpg 768w, https:\/\/thierrydumont-duthy.fr\/wp-content\/uploads\/2018\/03\/DSC_4422_a_7406-679x1024.jpg 679w, https:\/\/thierrydumont-duthy.fr\/wp-content\/uploads\/2018\/03\/DSC_4422_a_7406.jpg 796w\" sizes=\"auto, (max-width: 199px) 100vw, 199px\" \/><\/a>\n\t\t\t<\/div>\n\t\t\t\t<figcaption class='wp-caption-text gallery-caption' id='gallery-1-467'>\n\t\t\t\t\u00c9cluse de St Gilles\n\t\t\t\t<\/figcaption><\/figure><figure class='gallery-item'>\n\t\t\t<div class='gallery-icon landscape'>\n\t\t\t\t<a href='https:\/\/thierrydumont-duthy.fr\/wp-content\/uploads\/2018\/03\/DSC_4622_a_14002.jpg'><img loading=\"lazy\" decoding=\"async\" width=\"300\" height=\"200\" src=\"https:\/\/thierrydumont-duthy.fr\/wp-content\/uploads\/2018\/03\/DSC_4622_a_14002-300x200.jpg\" class=\"attachment-medium size-medium\" alt=\"\" aria-describedby=\"gallery-1-468\" srcset=\"https:\/\/thierrydumont-duthy.fr\/wp-content\/uploads\/2018\/03\/DSC_4622_a_14002-300x200.jpg 300w, https:\/\/thierrydumont-duthy.fr\/wp-content\/uploads\/2018\/03\/DSC_4622_a_14002-768x512.jpg 768w, https:\/\/thierrydumont-duthy.fr\/wp-content\/uploads\/2018\/03\/DSC_4622_a_14002-1024x683.jpg 1024w, https:\/\/thierrydumont-duthy.fr\/wp-content\/uploads\/2018\/03\/DSC_4622_a_14002.jpg 1200w\" sizes=\"auto, (max-width: 300px) 100vw, 300px\" \/><\/a>\n\t\t\t<\/div>\n\t\t\t\t<figcaption class='wp-caption-text gallery-caption' id='gallery-1-468'>\n\t\t\t\tBarque Bleue N\u00b01\n\t\t\t\t<\/figcaption><\/figure><figure class='gallery-item'>\n\t\t\t<div class='gallery-icon landscape'>\n\t\t\t\t<a href='https:\/\/thierrydumont-duthy.fr\/wp-content\/uploads\/2018\/03\/DSC_4636_a_14014.jpg'><img loading=\"lazy\" decoding=\"async\" width=\"300\" height=\"200\" src=\"https:\/\/thierrydumont-duthy.fr\/wp-content\/uploads\/2018\/03\/DSC_4636_a_14014-300x200.jpg\" class=\"attachment-medium size-medium\" alt=\"\" aria-describedby=\"gallery-1-469\" srcset=\"https:\/\/thierrydumont-duthy.fr\/wp-content\/uploads\/2018\/03\/DSC_4636_a_14014-300x200.jpg 300w, https:\/\/thierrydumont-duthy.fr\/wp-content\/uploads\/2018\/03\/DSC_4636_a_14014-768x511.jpg 768w, https:\/\/thierrydumont-duthy.fr\/wp-content\/uploads\/2018\/03\/DSC_4636_a_14014-1024x682.jpg 1024w, https:\/\/thierrydumont-duthy.fr\/wp-content\/uploads\/2018\/03\/DSC_4636_a_14014.jpg 1200w\" sizes=\"auto, (max-width: 300px) 100vw, 300px\" \/><\/a>\n\t\t\t<\/div>\n\t\t\t\t<figcaption class='wp-caption-text gallery-caption' id='gallery-1-469'>\n\t\t\t\tEtang des Moures \n\t\t\t\t<\/figcaption><\/figure><figure class='gallery-item'>\n\t\t\t<div class='gallery-icon portrait'>\n\t\t\t\t<a href='https:\/\/thierrydumont-duthy.fr\/wp-content\/uploads\/2018\/03\/DSC_4703_a_7542.jpg'><img loading=\"lazy\" decoding=\"async\" width=\"199\" height=\"300\" src=\"https:\/\/thierrydumont-duthy.fr\/wp-content\/uploads\/2018\/03\/DSC_4703_a_7542-199x300.jpg\" class=\"attachment-medium size-medium\" alt=\"\" aria-describedby=\"gallery-1-470\" srcset=\"https:\/\/thierrydumont-duthy.fr\/wp-content\/uploads\/2018\/03\/DSC_4703_a_7542-199x300.jpg 199w, https:\/\/thierrydumont-duthy.fr\/wp-content\/uploads\/2018\/03\/DSC_4703_a_7542-768x1156.jpg 768w, https:\/\/thierrydumont-duthy.fr\/wp-content\/uploads\/2018\/03\/DSC_4703_a_7542-680x1024.jpg 680w, https:\/\/thierrydumont-duthy.fr\/wp-content\/uploads\/2018\/03\/DSC_4703_a_7542.jpg 797w\" sizes=\"auto, (max-width: 199px) 100vw, 199px\" \/><\/a>\n\t\t\t<\/div>\n\t\t\t\t<figcaption class='wp-caption-text gallery-caption' id='gallery-1-470'>\n\t\t\t\tLe Tellinier \n\t\t\t\t<\/figcaption><\/figure><figure class='gallery-item'>\n\t\t\t<div class='gallery-icon portrait'>\n\t\t\t\t<a href='https:\/\/thierrydumont-duthy.fr\/wp-content\/uploads\/2018\/03\/DSC_8097_a_9715.jpg'><img loading=\"lazy\" decoding=\"async\" width=\"200\" height=\"300\" src=\"https:\/\/thierrydumont-duthy.fr\/wp-content\/uploads\/2018\/03\/DSC_8097_a_9715-200x300.jpg\" class=\"attachment-medium size-medium\" alt=\"\" aria-describedby=\"gallery-1-473\" srcset=\"https:\/\/thierrydumont-duthy.fr\/wp-content\/uploads\/2018\/03\/DSC_8097_a_9715-200x300.jpg 200w, https:\/\/thierrydumont-duthy.fr\/wp-content\/uploads\/2018\/03\/DSC_8097_a_9715-768x1152.jpg 768w, https:\/\/thierrydumont-duthy.fr\/wp-content\/uploads\/2018\/03\/DSC_8097_a_9715-683x1024.jpg 683w, https:\/\/thierrydumont-duthy.fr\/wp-content\/uploads\/2018\/03\/DSC_8097_a_9715.jpg 800w\" sizes=\"auto, (max-width: 200px) 100vw, 200px\" \/><\/a>\n\t\t\t<\/div>\n\t\t\t\t<figcaption class='wp-caption-text gallery-caption' id='gallery-1-473'>\n\t\t\t\tTong \u00c9chou\u00e9e \n\t\t\t\t<\/figcaption><\/figure><figure class='gallery-item'>\n\t\t\t<div class='gallery-icon portrait'>\n\t\t\t\t<a href='https:\/\/thierrydumont-duthy.fr\/wp-content\/uploads\/2018\/03\/DSC_4911_a_7664.jpg'><img loading=\"lazy\" decoding=\"async\" width=\"199\" height=\"300\" src=\"https:\/\/thierrydumont-duthy.fr\/wp-content\/uploads\/2018\/03\/DSC_4911_a_7664-199x300.jpg\" class=\"attachment-medium size-medium\" alt=\"\" aria-describedby=\"gallery-1-471\" srcset=\"https:\/\/thierrydumont-duthy.fr\/wp-content\/uploads\/2018\/03\/DSC_4911_a_7664-199x300.jpg 199w, https:\/\/thierrydumont-duthy.fr\/wp-content\/uploads\/2018\/03\/DSC_4911_a_7664-768x1156.jpg 768w, https:\/\/thierrydumont-duthy.fr\/wp-content\/uploads\/2018\/03\/DSC_4911_a_7664-680x1024.jpg 680w, https:\/\/thierrydumont-duthy.fr\/wp-content\/uploads\/2018\/03\/DSC_4911_a_7664.jpg 797w\" sizes=\"auto, (max-width: 199px) 100vw, 199px\" \/><\/a>\n\t\t\t<\/div>\n\t\t\t\t<figcaption class='wp-caption-text gallery-caption' id='gallery-1-471'>\n\t\t\t\tReflet hivernal sur le canal\n\t\t\t\t<\/figcaption><\/figure><figure class='gallery-item'>\n\t\t\t<div class='gallery-icon portrait'>\n\t\t\t\t<a href='https:\/\/thierrydumont-duthy.fr\/wp-content\/uploads\/2018\/03\/DSC_4912_a_7665.jpg'><img loading=\"lazy\" decoding=\"async\" width=\"199\" height=\"300\" src=\"https:\/\/thierrydumont-duthy.fr\/wp-content\/uploads\/2018\/03\/DSC_4912_a_7665-199x300.jpg\" class=\"attachment-medium size-medium\" alt=\"\" aria-describedby=\"gallery-1-472\" srcset=\"https:\/\/thierrydumont-duthy.fr\/wp-content\/uploads\/2018\/03\/DSC_4912_a_7665-199x300.jpg 199w, https:\/\/thierrydumont-duthy.fr\/wp-content\/uploads\/2018\/03\/DSC_4912_a_7665-768x1156.jpg 768w, https:\/\/thierrydumont-duthy.fr\/wp-content\/uploads\/2018\/03\/DSC_4912_a_7665-680x1024.jpg 680w, https:\/\/thierrydumont-duthy.fr\/wp-content\/uploads\/2018\/03\/DSC_4912_a_7665.jpg 797w\" sizes=\"auto, (max-width: 199px) 100vw, 199px\" \/><\/a>\n\t\t\t<\/div>\n\t\t\t\t<figcaption class='wp-caption-text gallery-caption' id='gallery-1-472'>\n\t\t\t\tCanal du Rhone \u00e0 S\u00e8te\n\t\t\t\t<\/figcaption><\/figure>\n\t\t<\/div>\n\n\n\n<p class=\"has-text-align-center\">Toutes les images sont disponibles en tirages d&rsquo;Arts num\u00e9rot\u00e9s x\/20<br>pour agr\u00e9menter vos int\u00e9rieurs &#8230; Bureau, salon, etc &#8230;<br>Et bien \u00e9videment pour \u00eatre expos\u00e9es !!<\/p>\n\n\n\n<div class=\"wp-block-columns is-layout-flex wp-container-core-columns-is-layout-9d6595d7 wp-block-columns-is-layout-flex\">\n<div class=\"wp-block-column is-layout-flow wp-block-column-is-layout-flow\" style=\"flex-basis:25%\"><\/div>\n\n\n\n<div class=\"wp-block-column is-layout-flow wp-block-column-is-layout-flow\" style=\"flex-basis:50%\"><div class=\"wp-block-image\">\n<figure class=\"aligncenter size-large\"><img loading=\"lazy\" decoding=\"async\" width=\"1024\" height=\"512\" src=\"https:\/\/thierrydumont-duthy.fr\/wp-content\/uploads\/2025\/05\/Tarif_Paysage_2025-1024x512.jpg\" alt=\"\" class=\"wp-image-1865\" srcset=\"https:\/\/thierrydumont-duthy.fr\/wp-content\/uploads\/2025\/05\/Tarif_Paysage_2025-1024x512.jpg 1024w, https:\/\/thierrydumont-duthy.fr\/wp-content\/uploads\/2025\/05\/Tarif_Paysage_2025-300x150.jpg 300w, https:\/\/thierrydumont-duthy.fr\/wp-content\/uploads\/2025\/05\/Tarif_Paysage_2025-768x384.jpg 768w, https:\/\/thierrydumont-duthy.fr\/wp-content\/uploads\/2025\/05\/Tarif_Paysage_2025.jpg 1200w\" sizes=\"auto, (max-width: 1024px) 100vw, 1024px\" \/><figcaption class=\"wp-element-caption\">Tarif_Paysage_2025<\/figcaption><\/figure>\n<\/div><\/div>\n\n\n\n<div class=\"wp-block-column is-layout-flow wp-block-column-is-layout-flow\" style=\"flex-basis:25%\"><\/div>\n<\/div>\n","protected":false},"excerpt":{"rendered":"<p>La Camargue &#8230; Il me faut bien l\u2019avouer, ce vaste territoire est un de mes terrains de jeux depuis que je pratique la photo ( 2010 ). La Camargue fait partie des lieux photog\u00e9niques de notre Magnifique r\u00e9gion ! Les couchers de soleils hivernaux, les poses longues, le mistral plus ou moins pr\u00e9sent mettent en [&hellip;]<\/p>\n","protected":false},"author":1,"featured_media":0,"parent":174,"menu_order":0,"comment_status":"closed","ping_status":"closed","template":"","meta":{"footnotes":""},"class_list":["post-208","page","type-page","status-publish","hentry"],"_links":{"self":[{"href":"https:\/\/thierrydumont-duthy.fr\/index.php?rest_route=\/wp\/v2\/pages\/208","targetHints":{"allow":["GET"]}}],"collection":[{"href":"https:\/\/thierrydumont-duthy.fr\/index.php?rest_route=\/wp\/v2\/pages"}],"about":[{"href":"https:\/\/thierrydumont-duthy.fr\/index.php?rest_route=\/wp\/v2\/types\/page"}],"author":[{"embeddable":true,"href":"https:\/\/thierrydumont-duthy.fr\/index.php?rest_route=\/wp\/v2\/users\/1"}],"replies":[{"embeddable":true,"href":"https:\/\/thierrydumont-duthy.fr\/index.php?rest_route=%2Fwp%2Fv2%2Fcomments&post=208"}],"version-history":[{"count":9,"href":"https:\/\/thierrydumont-duthy.fr\/index.php?rest_route=\/wp\/v2\/pages\/208\/revisions"}],"predecessor-version":[{"id":1886,"href":"https:\/\/thierrydumont-duthy.fr\/index.php?rest_route=\/wp\/v2\/pages\/208\/revisions\/1886"}],"up":[{"embeddable":true,"href":"https:\/\/thierrydumont-duthy.fr\/index.php?rest_route=\/wp\/v2\/pages\/174"}],"wp:attachment":[{"href":"https:\/\/thierrydumont-duthy.fr\/index.php?rest_route=%2Fwp%2Fv2%2Fmedia&parent=208"}],"curies":[{"name":"wp","href":"https:\/\/api.w.org\/{rel}","templated":true}]}}