{"id":288,"date":"2018-02-21T15:20:06","date_gmt":"2018-02-21T14:20:06","guid":{"rendered":"http:\/\/thierrydumont-duthy.fr\/?page_id=288"},"modified":"2026-05-10T19:42:16","modified_gmt":"2026-05-10T17:42:16","slug":"galerie-divers","status":"publish","type":"page","link":"https:\/\/thierrydumont-duthy.fr\/?page_id=288","title":{"rendered":"Sur vos Murs !!"},"content":{"rendered":"<p>En visitant une exposition ou le site internet d\u2019un Artiste, vous avez peut-\u00eatre d\u00e9j\u00e0 h\u00e9sit\u00e9 \u00e0 acqu\u00e9rir une \u0153uvre \u2026<br \/>Sachez que vous n\u2019\u00eates pas les seuls et qu\u2019il est toujours possible de le faire en contactant l\u2019Artiste directement.<\/p>\n<p>Personnellement, j&rsquo;aime \u00e0 penser qu&rsquo;il est plus agr\u00e9able d&rsquo;acheter une \u0152uvre \u00e0 un Artiste de son vivant<br \/>plut\u00f4t qu&rsquo;attendre qu&rsquo;il ne soit mort &#8230;<br \/>Ce geste permet de lui dire que l&rsquo;on aime son travail, et lui donne les moyens de continuer \u00e0 cr\u00e9er pour Votre plaisir &#8230;<br \/>et aussi le sentiment qu&rsquo;il est soutenu autrement que par sa famille !!<br \/>Merci donc de ne pas h\u00e9siter \u00e0 acqu\u00e9rir les \u0153uvres &#8230; elles auront la chance d&rsquo;\u00eatre expos\u00e9es tous les jours, pour son plus grand plaisir !<\/p>\n<p>Depuis 2015, j\u2019ai eu plusieurs fois le bonheur de voir que mon travail photographique trouvait un \u00e9cho aupr\u00e8s des visiteurs,<br \/>et, que pour certains, une \u00e9motion particuli\u00e8re leur donnait l\u2019envie d\u2019avoir une, voir plusieurs, de mes images sur leur mur \u2026<br \/>bureau, salon, chambre \u2026 un endroit qui leur est personnel pour y partager mes photos.<br \/>Mille mercis\u00a0\u00e0 Vous !!!<\/p>\n<p><a href=\"duthy43@wanadoo.fr\">contactez moi<\/a> !<\/p>\n\n\n<div class=\"wp-block-columns is-layout-flex wp-container-core-columns-is-layout-9d6595d7 wp-block-columns-is-layout-flex\">\n<div class=\"wp-block-column is-layout-flow wp-block-column-is-layout-flow\"><div class=\"wp-block-image\">\n<figure class=\"alignleft size-large\"><img loading=\"lazy\" decoding=\"async\" width=\"1024\" height=\"682\" src=\"https:\/\/thierrydumont-duthy.fr\/wp-content\/uploads\/2026\/05\/DSC7445_Nb_a_39822_C1-1024x682.jpg\" alt=\"\" class=\"wp-image-2008\" srcset=\"https:\/\/thierrydumont-duthy.fr\/wp-content\/uploads\/2026\/05\/DSC7445_Nb_a_39822_C1-1024x682.jpg 1024w, https:\/\/thierrydumont-duthy.fr\/wp-content\/uploads\/2026\/05\/DSC7445_Nb_a_39822_C1-300x200.jpg 300w, https:\/\/thierrydumont-duthy.fr\/wp-content\/uploads\/2026\/05\/DSC7445_Nb_a_39822_C1-768x511.jpg 768w, https:\/\/thierrydumont-duthy.fr\/wp-content\/uploads\/2026\/05\/DSC7445_Nb_a_39822_C1.jpg 1200w\" sizes=\"auto, (max-width: 1024px) 100vw, 1024px\" \/><figcaption class=\"wp-element-caption\">Atelier 02 _ Vendue 1\/10.<br>30&#215;45 tirage seul. Avril 2026.<\/figcaption><\/figure>\n<\/div><\/div>\n\n\n\n<div class=\"wp-block-column is-layout-flow wp-block-column-is-layout-flow\"><div class=\"wp-block-image\">\n<figure class=\"alignright size-large\"><img loading=\"lazy\" decoding=\"async\" width=\"1024\" height=\"682\" src=\"https:\/\/thierrydumont-duthy.fr\/wp-content\/uploads\/2026\/05\/DSC7442_Nb_a_39820_C1-1024x682.jpg\" alt=\"\" class=\"wp-image-2006\" srcset=\"https:\/\/thierrydumont-duthy.fr\/wp-content\/uploads\/2026\/05\/DSC7442_Nb_a_39820_C1-1024x682.jpg 1024w, https:\/\/thierrydumont-duthy.fr\/wp-content\/uploads\/2026\/05\/DSC7442_Nb_a_39820_C1-300x200.jpg 300w, https:\/\/thierrydumont-duthy.fr\/wp-content\/uploads\/2026\/05\/DSC7442_Nb_a_39820_C1-768x511.jpg 768w, https:\/\/thierrydumont-duthy.fr\/wp-content\/uploads\/2026\/05\/DSC7442_Nb_a_39820_C1.jpg 1200w\" sizes=\"auto, (max-width: 1024px) 100vw, 1024px\" \/><figcaption class=\"wp-element-caption\">Atelier 01 _ Vendue 1\/10.<br>30&#215;45 tirage seul. Avril 2026.<\/figcaption><\/figure>\n<\/div><\/div>\n<\/div>\n\n\n\n<div class=\"wp-block-columns is-layout-flex wp-container-core-columns-is-layout-9d6595d7 wp-block-columns-is-layout-flex\">\n<div class=\"wp-block-column is-layout-flow wp-block-column-is-layout-flow\"><div class=\"wp-block-image\">\n<figure class=\"alignleft size-large\"><img loading=\"lazy\" decoding=\"async\" width=\"682\" height=\"1024\" src=\"https:\/\/thierrydumont-duthy.fr\/wp-content\/uploads\/2025\/05\/d_DSC3552_a_37304_C1-682x1024.jpg\" alt=\"\" class=\"wp-image-1792\" srcset=\"https:\/\/thierrydumont-duthy.fr\/wp-content\/uploads\/2025\/05\/d_DSC3552_a_37304_C1-682x1024.jpg 682w, https:\/\/thierrydumont-duthy.fr\/wp-content\/uploads\/2025\/05\/d_DSC3552_a_37304_C1-200x300.jpg 200w, https:\/\/thierrydumont-duthy.fr\/wp-content\/uploads\/2025\/05\/d_DSC3552_a_37304_C1-768x1153.jpg 768w, https:\/\/thierrydumont-duthy.fr\/wp-content\/uploads\/2025\/05\/d_DSC3552_a_37304_C1.jpg 799w\" sizes=\"auto, (max-width: 682px) 100vw, 682px\" \/><figcaption class=\"wp-element-caption\">Le Majestieux _ Vendue 1\/10.<br>30&#215;45 tirage seul. Avril 2026.<\/figcaption><\/figure>\n<\/div><\/div>\n\n\n\n<div class=\"wp-block-column is-layout-flow wp-block-column-is-layout-flow\"><div class=\"wp-block-image\">\n<figure class=\"alignright size-large\"><img loading=\"lazy\" decoding=\"async\" width=\"682\" height=\"1024\" src=\"https:\/\/thierrydumont-duthy.fr\/wp-content\/uploads\/2025\/05\/b_DSC3570_a_37321_C1-682x1024.jpg\" alt=\"\" class=\"wp-image-1786\" srcset=\"https:\/\/thierrydumont-duthy.fr\/wp-content\/uploads\/2025\/05\/b_DSC3570_a_37321_C1-682x1024.jpg 682w, https:\/\/thierrydumont-duthy.fr\/wp-content\/uploads\/2025\/05\/b_DSC3570_a_37321_C1-200x300.jpg 200w, https:\/\/thierrydumont-duthy.fr\/wp-content\/uploads\/2025\/05\/b_DSC3570_a_37321_C1-768x1153.jpg 768w, https:\/\/thierrydumont-duthy.fr\/wp-content\/uploads\/2025\/05\/b_DSC3570_a_37321_C1.jpg 799w\" sizes=\"auto, (max-width: 682px) 100vw, 682px\" \/><figcaption class=\"wp-element-caption\">Pierrot le Foudre _ Vendue 1\/10.<br>30&#215;40 cadre Alu. Mai 2025.<\/figcaption><\/figure>\n<\/div><\/div>\n<\/div>\n\n\n\n<div class=\"wp-block-columns is-layout-flex wp-container-core-columns-is-layout-9d6595d7 wp-block-columns-is-layout-flex\">\n<div class=\"wp-block-column is-layout-flow wp-block-column-is-layout-flow\"><div class=\"wp-block-image\">\n<figure class=\"alignleft size-large\"><img loading=\"lazy\" decoding=\"async\" width=\"1024\" height=\"682\" src=\"https:\/\/thierrydumont-duthy.fr\/wp-content\/uploads\/2025\/05\/i_DSC7055_a_39504_C1-1024x682.jpg\" alt=\"\" class=\"wp-image-1783\" srcset=\"https:\/\/thierrydumont-duthy.fr\/wp-content\/uploads\/2025\/05\/i_DSC7055_a_39504_C1-1024x682.jpg 1024w, https:\/\/thierrydumont-duthy.fr\/wp-content\/uploads\/2025\/05\/i_DSC7055_a_39504_C1-300x200.jpg 300w, https:\/\/thierrydumont-duthy.fr\/wp-content\/uploads\/2025\/05\/i_DSC7055_a_39504_C1-768x511.jpg 768w, https:\/\/thierrydumont-duthy.fr\/wp-content\/uploads\/2025\/05\/i_DSC7055_a_39504_C1.jpg 1200w\" sizes=\"auto, (max-width: 1024px) 100vw, 1024px\" \/><figcaption class=\"wp-element-caption\">Dames-Jeanne 2 _ Offerte 1\/10.<br>Cellier des Dominicains.<br>40&#215;60 caisse am\u00e9ricaine. Mai 2025.<\/figcaption><\/figure>\n<\/div><\/div>\n\n\n\n<div class=\"wp-block-column is-layout-flow wp-block-column-is-layout-flow\"><div class=\"wp-block-image\">\n<figure class=\"alignright size-large\"><img loading=\"lazy\" decoding=\"async\" width=\"1024\" height=\"682\" src=\"https:\/\/thierrydumont-duthy.fr\/wp-content\/uploads\/2025\/05\/2_DSC6090_a_38886_C1-1024x682.jpg\" alt=\"\" class=\"wp-image-1779\" srcset=\"https:\/\/thierrydumont-duthy.fr\/wp-content\/uploads\/2025\/05\/2_DSC6090_a_38886_C1-1024x682.jpg 1024w, https:\/\/thierrydumont-duthy.fr\/wp-content\/uploads\/2025\/05\/2_DSC6090_a_38886_C1-300x200.jpg 300w, https:\/\/thierrydumont-duthy.fr\/wp-content\/uploads\/2025\/05\/2_DSC6090_a_38886_C1-768x511.jpg 768w, https:\/\/thierrydumont-duthy.fr\/wp-content\/uploads\/2025\/05\/2_DSC6090_a_38886_C1.jpg 1200w\" sizes=\"auto, (max-width: 1024px) 100vw, 1024px\" \/><figcaption class=\"wp-element-caption\">Vitrail 2 _ Vendue 1\/10.<br>40&#215;60 cadre Alu. Mai 2025.<\/figcaption><\/figure>\n<\/div><\/div>\n<\/div>\n\n\n\n<div class=\"wp-block-columns is-layout-flex wp-container-core-columns-is-layout-9d6595d7 wp-block-columns-is-layout-flex\">\n<div class=\"wp-block-column is-layout-flow wp-block-column-is-layout-flow\"><div class=\"wp-block-image\">\n<figure class=\"alignleft size-large\"><img loading=\"lazy\" decoding=\"async\" width=\"1024\" height=\"512\" src=\"https:\/\/thierrydumont-duthy.fr\/wp-content\/uploads\/2026\/05\/DSC_0246_1290-1024x512.jpg\" alt=\"\" class=\"wp-image-2065\" srcset=\"https:\/\/thierrydumont-duthy.fr\/wp-content\/uploads\/2026\/05\/DSC_0246_1290-1024x512.jpg 1024w, https:\/\/thierrydumont-duthy.fr\/wp-content\/uploads\/2026\/05\/DSC_0246_1290-300x150.jpg 300w, https:\/\/thierrydumont-duthy.fr\/wp-content\/uploads\/2026\/05\/DSC_0246_1290-768x384.jpg 768w, https:\/\/thierrydumont-duthy.fr\/wp-content\/uploads\/2026\/05\/DSC_0246_1290.jpg 1200w\" sizes=\"auto, (max-width: 1024px) 100vw, 1024px\" \/><figcaption class=\"wp-element-caption\">N\u00eeme\u00f1o en Habits de Lumi\u00e8res _ Vendue 8\/20.<br>40&#215;80 Dibond. Novembre 2025.<\/figcaption><\/figure>\n<\/div><\/div>\n\n\n\n<div class=\"wp-block-column is-layout-flow wp-block-column-is-layout-flow\"><div class=\"wp-block-image\">\n<figure class=\"alignright size-large\"><img loading=\"lazy\" decoding=\"async\" width=\"1024\" height=\"511\" src=\"https:\/\/thierrydumont-duthy.fr\/wp-content\/uploads\/2026\/05\/DSC_0245_a_1289-1024x511.jpg\" alt=\"\" class=\"wp-image-2068\" srcset=\"https:\/\/thierrydumont-duthy.fr\/wp-content\/uploads\/2026\/05\/DSC_0245_a_1289-1024x511.jpg 1024w, https:\/\/thierrydumont-duthy.fr\/wp-content\/uploads\/2026\/05\/DSC_0245_a_1289-300x150.jpg 300w, https:\/\/thierrydumont-duthy.fr\/wp-content\/uploads\/2026\/05\/DSC_0245_a_1289-768x383.jpg 768w, https:\/\/thierrydumont-duthy.fr\/wp-content\/uploads\/2026\/05\/DSC_0245_a_1289.jpg 1200w\" sizes=\"auto, (max-width: 1024px) 100vw, 1024px\" \/><figcaption class=\"wp-element-caption\">N\u00eeme\u00f1o en Habits de Lumi\u00e8res 02 _ Vendue 1\/20.<br>30&#215;60 Dibond. D\u00e9cembre 2025.<\/figcaption><\/figure>\n<\/div><\/div>\n<\/div>\n\n\n\n<div class=\"wp-block-columns is-layout-flex wp-container-core-columns-is-layout-9d6595d7 wp-block-columns-is-layout-flex\">\n<div class=\"wp-block-column is-layout-flow wp-block-column-is-layout-flow\"><div class=\"wp-block-image\">\n<figure class=\"alignleft size-large\"><img loading=\"lazy\" decoding=\"async\" width=\"680\" height=\"1024\" src=\"https:\/\/thierrydumont-duthy.fr\/wp-content\/uploads\/2018\/03\/Traces_Camargue_DSC_8095_a_16507_C1-1-680x1024.jpg\" alt=\"\" class=\"wp-image-453\" srcset=\"https:\/\/thierrydumont-duthy.fr\/wp-content\/uploads\/2018\/03\/Traces_Camargue_DSC_8095_a_16507_C1-1-680x1024.jpg 680w, https:\/\/thierrydumont-duthy.fr\/wp-content\/uploads\/2018\/03\/Traces_Camargue_DSC_8095_a_16507_C1-1-199x300.jpg 199w, https:\/\/thierrydumont-duthy.fr\/wp-content\/uploads\/2018\/03\/Traces_Camargue_DSC_8095_a_16507_C1-1-768x1156.jpg 768w, https:\/\/thierrydumont-duthy.fr\/wp-content\/uploads\/2018\/03\/Traces_Camargue_DSC_8095_a_16507_C1-1.jpg 797w\" sizes=\"auto, (max-width: 680px) 100vw, 680px\" \/><figcaption class=\"wp-element-caption\">Traces eau 04 _ Vendue 1\/20.<br>20&#215;30 tirage seul. Mai 2023.<\/figcaption><\/figure>\n<\/div><\/div>\n\n\n\n<div class=\"wp-block-column is-layout-flow wp-block-column-is-layout-flow\"><div class=\"wp-block-image\">\n<figure class=\"aligncenter size-large\"><img loading=\"lazy\" decoding=\"async\" width=\"1024\" height=\"680\" src=\"https:\/\/thierrydumont-duthy.fr\/wp-content\/uploads\/2019\/01\/DSC_6896_Nb_a_22713-1024x680.jpg\" alt=\"\" class=\"wp-image-845\" srcset=\"https:\/\/thierrydumont-duthy.fr\/wp-content\/uploads\/2019\/01\/DSC_6896_Nb_a_22713-1024x680.jpg 1024w, https:\/\/thierrydumont-duthy.fr\/wp-content\/uploads\/2019\/01\/DSC_6896_Nb_a_22713-300x199.jpg 300w, https:\/\/thierrydumont-duthy.fr\/wp-content\/uploads\/2019\/01\/DSC_6896_Nb_a_22713-768x510.jpg 768w, https:\/\/thierrydumont-duthy.fr\/wp-content\/uploads\/2019\/01\/DSC_6896_Nb_a_22713.jpg 1200w\" sizes=\"auto, (max-width: 1024px) 100vw, 1024px\" \/><figcaption class=\"wp-element-caption\">Transparence _ Vendue 1\/10.<br>20&#215;30 tirage seul. Mai 2023.<\/figcaption><\/figure>\n<\/div><\/div>\n\n\n\n<div class=\"wp-block-column is-layout-flow wp-block-column-is-layout-flow\"><div class=\"wp-block-image\">\n<figure class=\"alignright size-large\"><img loading=\"lazy\" decoding=\"async\" width=\"680\" height=\"1024\" src=\"https:\/\/thierrydumont-duthy.fr\/wp-content\/uploads\/2019\/01\/DSC_5590_Nb_a_21705-680x1024.jpg\" alt=\"\" class=\"wp-image-826\" srcset=\"https:\/\/thierrydumont-duthy.fr\/wp-content\/uploads\/2019\/01\/DSC_5590_Nb_a_21705-680x1024.jpg 680w, https:\/\/thierrydumont-duthy.fr\/wp-content\/uploads\/2019\/01\/DSC_5590_Nb_a_21705-199x300.jpg 199w, https:\/\/thierrydumont-duthy.fr\/wp-content\/uploads\/2019\/01\/DSC_5590_Nb_a_21705-768x1156.jpg 768w, https:\/\/thierrydumont-duthy.fr\/wp-content\/uploads\/2019\/01\/DSC_5590_Nb_a_21705.jpg 797w\" sizes=\"auto, (max-width: 680px) 100vw, 680px\" \/><figcaption class=\"wp-element-caption\">Portrait _ Vendue 1\/10.<br>20&#215;30 tirage seul. Mai 2023.<\/figcaption><\/figure>\n<\/div><\/div>\n<\/div>\n\n\n\n<div class=\"wp-block-columns is-layout-flex wp-container-core-columns-is-layout-9d6595d7 wp-block-columns-is-layout-flex\">\n<div class=\"wp-block-column is-layout-flow wp-block-column-is-layout-flow\"><div class=\"wp-block-image\">\n<figure class=\"alignleft size-large\"><img loading=\"lazy\" decoding=\"async\" width=\"1024\" height=\"680\" src=\"https:\/\/thierrydumont-duthy.fr\/wp-content\/uploads\/2018\/03\/Traces_Camargue_DSC_4102_a_20588_C1-1-1024x680.jpg\" alt=\"\" class=\"wp-image-451\" srcset=\"https:\/\/thierrydumont-duthy.fr\/wp-content\/uploads\/2018\/03\/Traces_Camargue_DSC_4102_a_20588_C1-1-1024x680.jpg 1024w, https:\/\/thierrydumont-duthy.fr\/wp-content\/uploads\/2018\/03\/Traces_Camargue_DSC_4102_a_20588_C1-1-300x199.jpg 300w, https:\/\/thierrydumont-duthy.fr\/wp-content\/uploads\/2018\/03\/Traces_Camargue_DSC_4102_a_20588_C1-1-768x510.jpg 768w, https:\/\/thierrydumont-duthy.fr\/wp-content\/uploads\/2018\/03\/Traces_Camargue_DSC_4102_a_20588_C1-1.jpg 1200w\" sizes=\"auto, (max-width: 1024px) 100vw, 1024px\" \/><figcaption class=\"wp-element-caption\">Traces eau 02 _ Vendue 1\/20.<br>20&#215;30 tirage seul. Mai 2023.<\/figcaption><\/figure>\n<\/div><\/div>\n\n\n\n<div class=\"wp-block-column is-layout-flow wp-block-column-is-layout-flow\"><div class=\"wp-block-image\">\n<figure class=\"alignright size-large\"><img loading=\"lazy\" decoding=\"async\" width=\"1024\" height=\"682\" src=\"https:\/\/thierrydumont-duthy.fr\/wp-content\/uploads\/2018\/03\/Traces_Camargue_DSC_8106_a_16517_C1-1-1024x682.jpg\" alt=\"\" class=\"wp-image-458\" srcset=\"https:\/\/thierrydumont-duthy.fr\/wp-content\/uploads\/2018\/03\/Traces_Camargue_DSC_8106_a_16517_C1-1-1024x682.jpg 1024w, https:\/\/thierrydumont-duthy.fr\/wp-content\/uploads\/2018\/03\/Traces_Camargue_DSC_8106_a_16517_C1-1-300x200.jpg 300w, https:\/\/thierrydumont-duthy.fr\/wp-content\/uploads\/2018\/03\/Traces_Camargue_DSC_8106_a_16517_C1-1-768x511.jpg 768w, https:\/\/thierrydumont-duthy.fr\/wp-content\/uploads\/2018\/03\/Traces_Camargue_DSC_8106_a_16517_C1-1.jpg 1200w\" sizes=\"auto, (max-width: 1024px) 100vw, 1024px\" \/><figcaption class=\"wp-element-caption\">Traces eau 05 _ Vendue 1\/20.<br>20&#215;30 tirage seul. Mai 2023.<\/figcaption><\/figure>\n<\/div><\/div>\n<\/div>\n\n\n\n<div class=\"wp-block-columns is-layout-flex wp-container-core-columns-is-layout-9d6595d7 wp-block-columns-is-layout-flex\">\n<div class=\"wp-block-column is-layout-flow wp-block-column-is-layout-flow\"><div class=\"wp-block-image\">\n<figure class=\"alignleft size-large\"><img loading=\"lazy\" decoding=\"async\" width=\"1024\" height=\"682\" src=\"https:\/\/thierrydumont-duthy.fr\/wp-content\/uploads\/2021\/12\/DSC4443_Nb_c_31671_C1-1024x682.jpg\" alt=\"\" class=\"wp-image-1058\" srcset=\"https:\/\/thierrydumont-duthy.fr\/wp-content\/uploads\/2021\/12\/DSC4443_Nb_c_31671_C1-1024x682.jpg 1024w, https:\/\/thierrydumont-duthy.fr\/wp-content\/uploads\/2021\/12\/DSC4443_Nb_c_31671_C1-300x200.jpg 300w, https:\/\/thierrydumont-duthy.fr\/wp-content\/uploads\/2021\/12\/DSC4443_Nb_c_31671_C1-768x511.jpg 768w, https:\/\/thierrydumont-duthy.fr\/wp-content\/uploads\/2021\/12\/DSC4443_Nb_c_31671_C1.jpg 1200w\" sizes=\"auto, (max-width: 1024px) 100vw, 1024px\" \/><figcaption class=\"wp-element-caption\">Enflamm\u00e9e _ Vendue 1\/10.<br>40&#215;60 tirage seul. Aout 2022.<\/figcaption><\/figure>\n<\/div><\/div>\n\n\n\n<div class=\"wp-block-column is-layout-flow wp-block-column-is-layout-flow\"><div class=\"wp-block-image\">\n<figure class=\"aligncenter size-large\"><img loading=\"lazy\" decoding=\"async\" width=\"1024\" height=\"683\" src=\"https:\/\/thierrydumont-duthy.fr\/wp-content\/uploads\/2021\/12\/DSC2643_Nb_d_30594_C1-1024x683.jpg\" alt=\"\" class=\"wp-image-1122\" srcset=\"https:\/\/thierrydumont-duthy.fr\/wp-content\/uploads\/2021\/12\/DSC2643_Nb_d_30594_C1-1024x683.jpg 1024w, https:\/\/thierrydumont-duthy.fr\/wp-content\/uploads\/2021\/12\/DSC2643_Nb_d_30594_C1-300x200.jpg 300w, https:\/\/thierrydumont-duthy.fr\/wp-content\/uploads\/2021\/12\/DSC2643_Nb_d_30594_C1-768x512.jpg 768w, https:\/\/thierrydumont-duthy.fr\/wp-content\/uploads\/2021\/12\/DSC2643_Nb_d_30594_C1.jpg 1200w\" sizes=\"auto, (max-width: 1024px) 100vw, 1024px\" \/><figcaption class=\"wp-element-caption\">Lyly Pensive _ Vendue 1\/10.<br>40&#215;60 Cadre Alu 50&#215;70. Mai 2022.<\/figcaption><\/figure>\n<\/div><\/div>\n\n\n\n<div class=\"wp-block-column is-layout-flow wp-block-column-is-layout-flow\"><div class=\"wp-block-image\">\n<figure class=\"alignright size-large\"><img loading=\"lazy\" decoding=\"async\" width=\"1024\" height=\"683\" src=\"https:\/\/thierrydumont-duthy.fr\/wp-content\/uploads\/2021\/12\/DSC2481_a_30490_C1-1024x683.jpg\" alt=\"\" class=\"wp-image-1116\" srcset=\"https:\/\/thierrydumont-duthy.fr\/wp-content\/uploads\/2021\/12\/DSC2481_a_30490_C1-1024x683.jpg 1024w, https:\/\/thierrydumont-duthy.fr\/wp-content\/uploads\/2021\/12\/DSC2481_a_30490_C1-300x200.jpg 300w, https:\/\/thierrydumont-duthy.fr\/wp-content\/uploads\/2021\/12\/DSC2481_a_30490_C1-768x512.jpg 768w, https:\/\/thierrydumont-duthy.fr\/wp-content\/uploads\/2021\/12\/DSC2481_a_30490_C1.jpg 1200w\" sizes=\"auto, (max-width: 1024px) 100vw, 1024px\" \/><figcaption class=\"wp-element-caption\">Ombre 03 _ Vendue 1\/10.<br>40&#215;60 Cadre Alu 50&#215;70. Mai 2022.<\/figcaption><\/figure>\n<\/div><\/div>\n<\/div>\n\n\n\n<div class=\"wp-block-columns is-layout-flex wp-container-core-columns-is-layout-9d6595d7 wp-block-columns-is-layout-flex\">\n<div class=\"wp-block-column is-layout-flow wp-block-column-is-layout-flow\"><div class=\"wp-block-image\">\n<figure class=\"alignleft size-large\"><img loading=\"lazy\" decoding=\"async\" width=\"1024\" height=\"682\" src=\"https:\/\/thierrydumont-duthy.fr\/wp-content\/uploads\/2022\/08\/Ok_DSC7603_a_27667_C1-1024x682.jpg\" alt=\"\" class=\"wp-image-1291\" srcset=\"https:\/\/thierrydumont-duthy.fr\/wp-content\/uploads\/2022\/08\/Ok_DSC7603_a_27667_C1-1024x682.jpg 1024w, https:\/\/thierrydumont-duthy.fr\/wp-content\/uploads\/2022\/08\/Ok_DSC7603_a_27667_C1-300x200.jpg 300w, https:\/\/thierrydumont-duthy.fr\/wp-content\/uploads\/2022\/08\/Ok_DSC7603_a_27667_C1-768x511.jpg 768w, https:\/\/thierrydumont-duthy.fr\/wp-content\/uploads\/2022\/08\/Ok_DSC7603_a_27667_C1.jpg 1200w\" sizes=\"auto, (max-width: 1024px) 100vw, 1024px\" \/><figcaption class=\"wp-element-caption\">Les Cendres _ Vendue 1\/20. 30&#215;45 tirage seul.<br>Mairie de G\u00e9n\u00e9rac 30. Au profit des Orphelins des Sapeur-Pompiers de France. Aout 2022.<\/figcaption><\/figure>\n<\/div><\/div>\n\n\n\n<div class=\"wp-block-column is-layout-flow wp-block-column-is-layout-flow\"><div class=\"wp-block-image\">\n<figure class=\"alignright size-large\"><img loading=\"lazy\" decoding=\"async\" width=\"1024\" height=\"682\" src=\"https:\/\/thierrydumont-duthy.fr\/wp-content\/uploads\/2022\/08\/Ok_DSC7633_b_27689_C1-1024x682.jpg\" alt=\"\" class=\"wp-image-1290\" srcset=\"https:\/\/thierrydumont-duthy.fr\/wp-content\/uploads\/2022\/08\/Ok_DSC7633_b_27689_C1-1024x682.jpg 1024w, https:\/\/thierrydumont-duthy.fr\/wp-content\/uploads\/2022\/08\/Ok_DSC7633_b_27689_C1-300x200.jpg 300w, https:\/\/thierrydumont-duthy.fr\/wp-content\/uploads\/2022\/08\/Ok_DSC7633_b_27689_C1-768x511.jpg 768w, https:\/\/thierrydumont-duthy.fr\/wp-content\/uploads\/2022\/08\/Ok_DSC7633_b_27689_C1.jpg 1200w\" sizes=\"auto, (max-width: 1024px) 100vw, 1024px\" \/><figcaption class=\"wp-element-caption\">Le Mazet du Garde _ Vendue 1\/20. 30&#215;45 tirage seul.<br>Mairie de G\u00e9n\u00e9rac 30. Au profit des Orphelins des Sapeur-Pompiers de France. Aout 2022.<\/figcaption><\/figure>\n<\/div><\/div>\n<\/div>\n\n\n\n<p><\/p>\n","protected":false},"excerpt":{"rendered":"<p>En visitant une exposition ou le site internet d\u2019un Artiste, vous avez peut-\u00eatre d\u00e9j\u00e0 h\u00e9sit\u00e9 \u00e0 acqu\u00e9rir une \u0153uvre \u2026Sachez que vous n\u2019\u00eates pas les seuls et qu\u2019il est toujours possible de le faire en contactant l\u2019Artiste directement. Personnellement, j&rsquo;aime \u00e0 penser qu&rsquo;il est plus agr\u00e9able d&rsquo;acheter une \u0152uvre \u00e0 un Artiste de son vivantplut\u00f4t [&hellip;]<\/p>\n","protected":false},"author":1,"featured_media":0,"parent":0,"menu_order":0,"comment_status":"closed","ping_status":"closed","template":"","meta":{"footnotes":""},"class_list":["post-288","page","type-page","status-publish","hentry"],"_links":{"self":[{"href":"https:\/\/thierrydumont-duthy.fr\/index.php?rest_route=\/wp\/v2\/pages\/288","targetHints":{"allow":["GET"]}}],"collection":[{"href":"https:\/\/thierrydumont-duthy.fr\/index.php?rest_route=\/wp\/v2\/pages"}],"about":[{"href":"https:\/\/thierrydumont-duthy.fr\/index.php?rest_route=\/wp\/v2\/types\/page"}],"author":[{"embeddable":true,"href":"https:\/\/thierrydumont-duthy.fr\/index.php?rest_route=\/wp\/v2\/users\/1"}],"replies":[{"embeddable":true,"href":"https:\/\/thierrydumont-duthy.fr\/index.php?rest_route=%2Fwp%2Fv2%2Fcomments&post=288"}],"version-history":[{"count":28,"href":"https:\/\/thierrydumont-duthy.fr\/index.php?rest_route=\/wp\/v2\/pages\/288\/revisions"}],"predecessor-version":[{"id":2083,"href":"https:\/\/thierrydumont-duthy.fr\/index.php?rest_route=\/wp\/v2\/pages\/288\/revisions\/2083"}],"wp:attachment":[{"href":"https:\/\/thierrydumont-duthy.fr\/index.php?rest_route=%2Fwp%2Fv2%2Fmedia&parent=288"}],"curies":[{"name":"wp","href":"https:\/\/api.w.org\/{rel}","templated":true}]}}