{"id":316,"date":"2018-02-21T17:19:52","date_gmt":"2018-02-21T16:19:52","guid":{"rendered":"http:\/\/thierrydumont-duthy.fr\/?page_id=316"},"modified":"2025-05-08T12:34:34","modified_gmt":"2025-05-08T10:34:34","slug":"infos","status":"publish","type":"page","link":"https:\/\/thierrydumont-duthy.fr\/?page_id=316","title":{"rendered":"Infos"},"content":{"rendered":"\n<p>Toutes les photos pr\u00e9sentes sur ce site sont disponibles en tirage Fine Art &#8230;<br>En tant qu&rsquo;\u0153uvre originale r\u00e9pondant aux crit\u00e8res l\u00e9gaux, tir\u00e9e par l\u2019auteur ou sous son contr\u00f4le, num\u00e9rot\u00e9e et sign\u00e9e.<br>Les s\u00e9ries Nu Artistique sont limit\u00e9es \u00e0 10 exemplaires tous formats et supports confondus.<br>Les s\u00e9ries Paysage sont limit\u00e9es \u00e0 20 exemplaires tous formats et supports confondus.<br>Les tirages sont r\u00e9alis\u00e9s, au choix, sur imprimante Epson Pro P800<br>ou directement par le laboratoire parisien Picto. ( Livr\u00e9 directement chez vous ).<\/p>\n\n\n\n<div class=\"wp-block-columns is-layout-flex wp-container-core-columns-is-layout-9d6595d7 wp-block-columns-is-layout-flex\">\n<div class=\"wp-block-column is-layout-flow wp-block-column-is-layout-flow\" style=\"flex-basis:25%\"><\/div>\n\n\n\n<div class=\"wp-block-column is-layout-flow wp-block-column-is-layout-flow\" style=\"flex-basis:50%\"><div class=\"wp-block-image\">\n<figure class=\"aligncenter size-large\"><img loading=\"lazy\" decoding=\"async\" width=\"1024\" height=\"516\" src=\"https:\/\/thierrydumont-duthy.fr\/wp-content\/uploads\/2025\/05\/Tarif_Nu_2025-1024x516.jpg\" alt=\"\" class=\"wp-image-1866\" srcset=\"https:\/\/thierrydumont-duthy.fr\/wp-content\/uploads\/2025\/05\/Tarif_Nu_2025-1024x516.jpg 1024w, https:\/\/thierrydumont-duthy.fr\/wp-content\/uploads\/2025\/05\/Tarif_Nu_2025-300x151.jpg 300w, https:\/\/thierrydumont-duthy.fr\/wp-content\/uploads\/2025\/05\/Tarif_Nu_2025-768x387.jpg 768w, https:\/\/thierrydumont-duthy.fr\/wp-content\/uploads\/2025\/05\/Tarif_Nu_2025.jpg 1200w\" sizes=\"auto, (max-width: 1024px) 100vw, 1024px\" \/><figcaption class=\"wp-element-caption\">Tarif_Nu_2025<\/figcaption><\/figure><\/div><\/div>\n\n\n\n<div class=\"wp-block-column is-layout-flow wp-block-column-is-layout-flow\" style=\"flex-basis:25%\"><\/div>\n<\/div>\n\n\n\n<div class=\"wp-block-columns is-layout-flex wp-container-core-columns-is-layout-9d6595d7 wp-block-columns-is-layout-flex\">\n<div class=\"wp-block-column is-layout-flow wp-block-column-is-layout-flow\"><div class=\"wp-block-image\">\n<figure class=\"aligncenter size-full\"><img loading=\"lazy\" decoding=\"async\" width=\"1200\" height=\"715\" src=\"https:\/\/thierrydumont-duthy.fr\/wp-content\/uploads\/2025\/05\/Tirages-dart_Nu.jpg\" alt=\"\" class=\"wp-image-1809\" srcset=\"https:\/\/thierrydumont-duthy.fr\/wp-content\/uploads\/2025\/05\/Tirages-dart_Nu.jpg 1200w, https:\/\/thierrydumont-duthy.fr\/wp-content\/uploads\/2025\/05\/Tirages-dart_Nu-300x179.jpg 300w, https:\/\/thierrydumont-duthy.fr\/wp-content\/uploads\/2025\/05\/Tirages-dart_Nu-1024x610.jpg 1024w, https:\/\/thierrydumont-duthy.fr\/wp-content\/uploads\/2025\/05\/Tirages-dart_Nu-768x458.jpg 768w\" sizes=\"auto, (max-width: 1200px) 100vw, 1200px\" \/><figcaption class=\"wp-element-caption\">Nu Artistique<\/figcaption><\/figure><\/div><\/div>\n\n\n\n<div class=\"wp-block-column is-layout-flow wp-block-column-is-layout-flow\"><\/div>\n\n\n\n<div class=\"wp-block-column is-layout-flow wp-block-column-is-layout-flow\"><div class=\"wp-block-image\">\n<figure class=\"aligncenter size-full\"><img loading=\"lazy\" decoding=\"async\" width=\"1200\" height=\"704\" src=\"https:\/\/thierrydumont-duthy.fr\/wp-content\/uploads\/2025\/05\/Tirages-dart_Paysage.jpg\" alt=\"\" class=\"wp-image-1811\" srcset=\"https:\/\/thierrydumont-duthy.fr\/wp-content\/uploads\/2025\/05\/Tirages-dart_Paysage.jpg 1200w, https:\/\/thierrydumont-duthy.fr\/wp-content\/uploads\/2025\/05\/Tirages-dart_Paysage-300x176.jpg 300w, https:\/\/thierrydumont-duthy.fr\/wp-content\/uploads\/2025\/05\/Tirages-dart_Paysage-1024x601.jpg 1024w, https:\/\/thierrydumont-duthy.fr\/wp-content\/uploads\/2025\/05\/Tirages-dart_Paysage-768x451.jpg 768w\" sizes=\"auto, (max-width: 1200px) 100vw, 1200px\" \/><figcaption class=\"wp-element-caption\">Paysages<\/figcaption><\/figure><\/div><\/div>\n<\/div>\n\n\n\n<div class=\"wp-block-columns is-layout-flex wp-container-core-columns-is-layout-9d6595d7 wp-block-columns-is-layout-flex\">\n<div class=\"wp-block-column is-layout-flow wp-block-column-is-layout-flow\" style=\"flex-basis:25%\"><\/div>\n\n\n\n<div class=\"wp-block-column is-layout-flow wp-block-column-is-layout-flow\" style=\"flex-basis:50%\"><div class=\"wp-block-image\">\n<figure class=\"aligncenter size-large\"><img loading=\"lazy\" decoding=\"async\" width=\"1024\" height=\"512\" src=\"https:\/\/thierrydumont-duthy.fr\/wp-content\/uploads\/2025\/05\/Tarif_Paysage_2025-1024x512.jpg\" alt=\"\" class=\"wp-image-1865\" srcset=\"https:\/\/thierrydumont-duthy.fr\/wp-content\/uploads\/2025\/05\/Tarif_Paysage_2025-1024x512.jpg 1024w, https:\/\/thierrydumont-duthy.fr\/wp-content\/uploads\/2025\/05\/Tarif_Paysage_2025-300x150.jpg 300w, https:\/\/thierrydumont-duthy.fr\/wp-content\/uploads\/2025\/05\/Tarif_Paysage_2025-768x384.jpg 768w, https:\/\/thierrydumont-duthy.fr\/wp-content\/uploads\/2025\/05\/Tarif_Paysage_2025.jpg 1200w\" sizes=\"auto, (max-width: 1024px) 100vw, 1024px\" \/><figcaption class=\"wp-element-caption\">Tarif_Paysage_2025<\/figcaption><\/figure><\/div><\/div>\n\n\n\n<div class=\"wp-block-column is-layout-flow wp-block-column-is-layout-flow\" style=\"flex-basis:25%\"><\/div>\n<\/div>\n\n\n\n<p>Pour toute demande de tarifs, autres finitions possibles etc : contactez moi !<\/p>\n\n\n\n<p>Email : <a href=\"mailto:duthy43@wanadoo.fr\" target=\"_blank\" rel=\"noopener noreferrer\">d<\/a><a href=\"mailto:duthy43@wanadoo.fr\" target=\"_blank\" rel=\"noopener noreferrer\">uthy43@wanadoo.fr<\/a><\/p>\n\n\n\n<p>Mon book photo : <a href=\"https:\/\/nu-duthy.book.fr\/\">https:\/\/nu-duthy.book.fr\/<\/a><\/p>\n\n\n\n<p>Actualit\u00e9, exposition, livre &#8230;<br>Facebook : <a href=\"https:\/\/www.facebook.com\/Thierry.Dumont.Duthy\/\" target=\"_blank\" rel=\"noopener noreferrer\">https:\/\/www.facebook.com\/Thierry.Dumont.Duthy\/<\/a><\/p>\n\n\n\n<p>Mes photos de paysages &#8230;<br>Facebook :<a href=\"https:\/\/www.facebook.com\/Thierry.Dumont.Duthy.Photography\/\"> https:\/\/www.facebook.com\/Thierry.Dumont.Duthy.Photography\/<\/a><\/p>\n\n\n\n<p>Mes photos de nu artistique &#8230;<br>Facebook : <a href=\"https:\/\/www.facebook.com\/Thierry.Dumont.Nu.Duthy\/\">https:\/\/www.facebook.com\/Thierry.Dumont.Nu.Duthy\/<\/a><\/p>\n\n\n\n<p>Nus et Paysages &#8230;<br>Instagram : <a href=\"https:\/\/www.instagram.com\/thierry.dumont_duthy\/\">https:\/\/www.instagram.com\/thierry.dumont_duthy\/<\/a><\/p>\n\n\n\n<p>Paysages, Corporate&#8230; : <a href=\"https:\/\/www.instagram.com\/photographeandmemories\/\">https:\/\/www.instagram.com\/photographeandmemories\/<\/a><\/p>\n\n\n\n<p>Organisateur de l&rsquo;Art du Nu : <a href=\"https:\/\/www.facebook.com\/L.Art.du.Nu.by.Photo.Duthy\/\" target=\"_blank\" rel=\"noopener noreferrer\">https:\/\/www.facebook.com\/L.Art.du.Nu.by.Photo.Duthy\/<\/a><\/p>\n\n\n\n<p class=\"has-text-align-center\">N\u00b0 Siret 832 061 725 00012<br>APE 9003B.<\/p>\n","protected":false},"excerpt":{"rendered":"<p>Toutes les photos pr\u00e9sentes sur ce site sont disponibles en tirage Fine Art &#8230;En tant qu&rsquo;\u0153uvre originale r\u00e9pondant aux crit\u00e8res l\u00e9gaux, tir\u00e9e par l\u2019auteur ou sous son contr\u00f4le, num\u00e9rot\u00e9e et sign\u00e9e.Les s\u00e9ries Nu Artistique sont limit\u00e9es \u00e0 10 exemplaires tous formats et supports confondus.Les s\u00e9ries Paysage sont limit\u00e9es \u00e0 20 exemplaires tous formats et supports [&hellip;]<\/p>\n","protected":false},"author":1,"featured_media":0,"parent":0,"menu_order":0,"comment_status":"closed","ping_status":"closed","template":"","meta":{"footnotes":""},"class_list":["post-316","page","type-page","status-publish","hentry"],"_links":{"self":[{"href":"https:\/\/thierrydumont-duthy.fr\/index.php?rest_route=\/wp\/v2\/pages\/316","targetHints":{"allow":["GET"]}}],"collection":[{"href":"https:\/\/thierrydumont-duthy.fr\/index.php?rest_route=\/wp\/v2\/pages"}],"about":[{"href":"https:\/\/thierrydumont-duthy.fr\/index.php?rest_route=\/wp\/v2\/types\/page"}],"author":[{"embeddable":true,"href":"https:\/\/thierrydumont-duthy.fr\/index.php?rest_route=\/wp\/v2\/users\/1"}],"replies":[{"embeddable":true,"href":"https:\/\/thierrydumont-duthy.fr\/index.php?rest_route=%2Fwp%2Fv2%2Fcomments&post=316"}],"version-history":[{"count":27,"href":"https:\/\/thierrydumont-duthy.fr\/index.php?rest_route=\/wp\/v2\/pages\/316\/revisions"}],"predecessor-version":[{"id":1874,"href":"https:\/\/thierrydumont-duthy.fr\/index.php?rest_route=\/wp\/v2\/pages\/316\/revisions\/1874"}],"wp:attachment":[{"href":"https:\/\/thierrydumont-duthy.fr\/index.php?rest_route=%2Fwp%2Fv2%2Fmedia&parent=316"}],"curies":[{"name":"wp","href":"https:\/\/api.w.org\/{rel}","templated":true}]}}