{"id":44,"date":"2018-01-31T22:51:56","date_gmt":"2018-01-31T21:51:56","guid":{"rendered":"http:\/\/thierrydumont-duthy.fr\/?page_id=44"},"modified":"2025-05-08T14:48:53","modified_gmt":"2025-05-08T12:48:53","slug":"a-propos-de","status":"publish","type":"page","link":"https:\/\/thierrydumont-duthy.fr\/?page_id=44","title":{"rendered":"Nu Artistique"},"content":{"rendered":"\n<p>Toutes les photos pr\u00e9sentes dans ces galeries sont disponible en tirage Fine Art &#8230;<br>En tant qu&rsquo;\u0153uvre originale r\u00e9pondant aux crit\u00e8res l\u00e9gaux, tir\u00e9e par l\u2019auteur ou sous son contr\u00f4le, num\u00e9rot\u00e9e et sign\u00e9e.<\/p>\n\n\n\n<div class=\"wp-block-columns is-layout-flex wp-container-core-columns-is-layout-9d6595d7 wp-block-columns-is-layout-flex\">\n<div class=\"wp-block-column is-layout-flow wp-block-column-is-layout-flow\"><div class=\"wp-block-image\">\n<figure class=\"alignleft\"><a href=\"https:\/\/thierrydumont-duthy.fr\/?page_id=242\"><img loading=\"lazy\" decoding=\"async\" width=\"200\" height=\"300\" src=\"https:\/\/thierrydumont-duthy.fr\/wp-content\/uploads\/2018\/02\/09_DSC_6503_a_15271-200x300.jpg\" alt=\"\" class=\"wp-image-249\" srcset=\"https:\/\/thierrydumont-duthy.fr\/wp-content\/uploads\/2018\/02\/09_DSC_6503_a_15271-200x300.jpg 200w, https:\/\/thierrydumont-duthy.fr\/wp-content\/uploads\/2018\/02\/09_DSC_6503_a_15271-768x1152.jpg 768w, https:\/\/thierrydumont-duthy.fr\/wp-content\/uploads\/2018\/02\/09_DSC_6503_a_15271-683x1024.jpg 683w, https:\/\/thierrydumont-duthy.fr\/wp-content\/uploads\/2018\/02\/09_DSC_6503_a_15271.jpg 800w\" sizes=\"auto, (max-width: 200px) 100vw, 200px\" \/><\/a><figcaption class=\"wp-element-caption\">Dualit\u00e9<\/figcaption><\/figure><\/div><\/div>\n\n\n\n<div class=\"wp-block-column is-layout-flow wp-block-column-is-layout-flow\"><div class=\"wp-block-image\">\n<figure class=\"alignleft\"><a href=\"https:\/\/thierrydumont-duthy.fr\/?page_id=239\"><img loading=\"lazy\" decoding=\"async\" width=\"199\" height=\"300\" src=\"https:\/\/thierrydumont-duthy.fr\/wp-content\/uploads\/2018\/03\/Fragments_02_DSC_7723_Nb_a_16202-199x300.jpg\" alt=\"\" class=\"wp-image-371\" srcset=\"https:\/\/thierrydumont-duthy.fr\/wp-content\/uploads\/2018\/03\/Fragments_02_DSC_7723_Nb_a_16202-199x300.jpg 199w, https:\/\/thierrydumont-duthy.fr\/wp-content\/uploads\/2018\/03\/Fragments_02_DSC_7723_Nb_a_16202-768x1156.jpg 768w, https:\/\/thierrydumont-duthy.fr\/wp-content\/uploads\/2018\/03\/Fragments_02_DSC_7723_Nb_a_16202-680x1024.jpg 680w, https:\/\/thierrydumont-duthy.fr\/wp-content\/uploads\/2018\/03\/Fragments_02_DSC_7723_Nb_a_16202.jpg 797w\" sizes=\"auto, (max-width: 199px) 100vw, 199px\" \/><\/a><figcaption class=\"wp-element-caption\">Fragments<\/figcaption><\/figure><\/div><\/div>\n\n\n\n<div class=\"wp-block-column is-layout-flow wp-block-column-is-layout-flow\"><div class=\"wp-block-image\">\n<figure class=\"alignleft\"><a href=\"https:\/\/thierrydumont-duthy.fr\/?page_id=272\" rel=\"noopener\"><img loading=\"lazy\" decoding=\"async\" width=\"200\" height=\"300\" src=\"https:\/\/thierrydumont-duthy.fr\/wp-content\/uploads\/2018\/06\/DSC_6135_b_15105_C1-200x300.jpg\" alt=\"\" class=\"wp-image-608\" srcset=\"https:\/\/thierrydumont-duthy.fr\/wp-content\/uploads\/2018\/06\/DSC_6135_b_15105_C1-200x300.jpg 200w, https:\/\/thierrydumont-duthy.fr\/wp-content\/uploads\/2018\/06\/DSC_6135_b_15105_C1-768x1153.jpg 768w, https:\/\/thierrydumont-duthy.fr\/wp-content\/uploads\/2018\/06\/DSC_6135_b_15105_C1-682x1024.jpg 682w, https:\/\/thierrydumont-duthy.fr\/wp-content\/uploads\/2018\/06\/DSC_6135_b_15105_C1.jpg 799w\" sizes=\"auto, (max-width: 200px) 100vw, 200px\" \/><\/a><figcaption class=\"wp-element-caption\">Mise \u00e0 Nu &#8230;<\/figcaption><\/figure><\/div><\/div>\n<\/div>\n\n\n\n<div class=\"wp-block-columns is-layout-flex wp-container-core-columns-is-layout-9d6595d7 wp-block-columns-is-layout-flex\">\n<div class=\"wp-block-column is-layout-flow wp-block-column-is-layout-flow\"><div class=\"wp-block-image\">\n<figure class=\"alignleft\"><a href=\"https:\/\/thierrydumont-duthy.fr\/?page_id=814\" rel=\"noopener\"><img loading=\"lazy\" decoding=\"async\" width=\"199\" height=\"300\" src=\"https:\/\/thierrydumont-duthy.fr\/wp-content\/uploads\/2019\/01\/DSC_6895_Nb_a_22712-199x300.jpg\" alt=\"\" class=\"wp-image-830\" srcset=\"https:\/\/thierrydumont-duthy.fr\/wp-content\/uploads\/2019\/01\/DSC_6895_Nb_a_22712-199x300.jpg 199w, https:\/\/thierrydumont-duthy.fr\/wp-content\/uploads\/2019\/01\/DSC_6895_Nb_a_22712-768x1156.jpg 768w, https:\/\/thierrydumont-duthy.fr\/wp-content\/uploads\/2019\/01\/DSC_6895_Nb_a_22712-680x1024.jpg 680w, https:\/\/thierrydumont-duthy.fr\/wp-content\/uploads\/2019\/01\/DSC_6895_Nb_a_22712.jpg 797w\" sizes=\"auto, (max-width: 199px) 100vw, 199px\" \/><\/a><figcaption class=\"wp-element-caption\">Parapluie Rouge<\/figcaption><\/figure><\/div><\/div>\n\n\n\n<div class=\"wp-block-column is-layout-flow wp-block-column-is-layout-flow\"><div class=\"wp-block-image\">\n<figure class=\"alignleft\"><a href=\"https:\/\/thierrydumont-duthy.fr\/?page_id=883\" target=\"_blank\" rel=\"noopener noreferrer\"><img loading=\"lazy\" decoding=\"async\" width=\"199\" height=\"300\" src=\"https:\/\/thierrydumont-duthy.fr\/wp-content\/uploads\/2019\/07\/9_DSC_4927_d_21209-199x300.jpg\" alt=\"James Bond Girls\" class=\"wp-image-892\" srcset=\"https:\/\/thierrydumont-duthy.fr\/wp-content\/uploads\/2019\/07\/9_DSC_4927_d_21209-199x300.jpg 199w, https:\/\/thierrydumont-duthy.fr\/wp-content\/uploads\/2019\/07\/9_DSC_4927_d_21209-768x1158.jpg 768w, https:\/\/thierrydumont-duthy.fr\/wp-content\/uploads\/2019\/07\/9_DSC_4927_d_21209-679x1024.jpg 679w, https:\/\/thierrydumont-duthy.fr\/wp-content\/uploads\/2019\/07\/9_DSC_4927_d_21209.jpg 796w\" sizes=\"auto, (max-width: 199px) 100vw, 199px\" \/><\/a><figcaption class=\"wp-element-caption\">James Bond Girls<\/figcaption><\/figure><\/div><\/div>\n\n\n\n<div class=\"wp-block-column is-layout-flow wp-block-column-is-layout-flow\"><div class=\"wp-block-image\">\n<figure class=\"alignleft\"><a href=\"https:\/\/thierrydumont-duthy.fr\/?page_id=992\" target=\"_blank\" rel=\"noreferrer noopener\"><img loading=\"lazy\" decoding=\"async\" width=\"200\" height=\"300\" src=\"https:\/\/thierrydumont-duthy.fr\/wp-content\/uploads\/2020\/02\/DSC6387_b_26808_C1-200x300.jpg\" alt=\"Nus Solaris\u00e9s\" class=\"wp-image-1001\" srcset=\"https:\/\/thierrydumont-duthy.fr\/wp-content\/uploads\/2020\/02\/DSC6387_b_26808_C1-200x300.jpg 200w, https:\/\/thierrydumont-duthy.fr\/wp-content\/uploads\/2020\/02\/DSC6387_b_26808_C1-768x1153.jpg 768w, https:\/\/thierrydumont-duthy.fr\/wp-content\/uploads\/2020\/02\/DSC6387_b_26808_C1-682x1024.jpg 682w, https:\/\/thierrydumont-duthy.fr\/wp-content\/uploads\/2020\/02\/DSC6387_b_26808_C1.jpg 799w\" sizes=\"auto, (max-width: 200px) 100vw, 200px\" \/><\/a><figcaption class=\"wp-element-caption\">Nus Solaris\u00e9s<\/figcaption><\/figure><\/div><\/div>\n<\/div>\n\n\n\n<div class=\"wp-block-columns is-layout-flex wp-container-core-columns-is-layout-9d6595d7 wp-block-columns-is-layout-flex\">\n<div class=\"wp-block-column is-layout-flow wp-block-column-is-layout-flow\"><div class=\"wp-block-image\">\n<figure class=\"alignleft size-medium\"><a href=\"https:\/\/thierrydumont-duthy.fr\/?page_id=1052\" target=\"_blank\" rel=\"noreferrer noopener\"><img loading=\"lazy\" decoding=\"async\" width=\"200\" height=\"300\" src=\"https:\/\/thierrydumont-duthy.fr\/wp-content\/uploads\/2021\/12\/DSC4458_Nb_b31683_C1-200x300.jpg\" alt=\"\" class=\"wp-image-1065\" srcset=\"https:\/\/thierrydumont-duthy.fr\/wp-content\/uploads\/2021\/12\/DSC4458_Nb_b31683_C1-200x300.jpg 200w, https:\/\/thierrydumont-duthy.fr\/wp-content\/uploads\/2021\/12\/DSC4458_Nb_b31683_C1-682x1024.jpg 682w, https:\/\/thierrydumont-duthy.fr\/wp-content\/uploads\/2021\/12\/DSC4458_Nb_b31683_C1-768x1153.jpg 768w, https:\/\/thierrydumont-duthy.fr\/wp-content\/uploads\/2021\/12\/DSC4458_Nb_b31683_C1.jpg 799w\" sizes=\"auto, (max-width: 200px) 100vw, 200px\" \/><\/a><figcaption class=\"wp-element-caption\">Hallucinations Mill\u00e9sim\u00e9es<\/figcaption><\/figure><\/div><\/div>\n\n\n\n<div class=\"wp-block-column is-layout-flow wp-block-column-is-layout-flow\"><div class=\"wp-block-image\">\n<figure class=\"alignleft size-medium\"><a href=\"https:\/\/thierrydumont-duthy.fr\/?page_id=1718\" target=\"_blank\" rel=\"noreferrer noopener\"><img loading=\"lazy\" decoding=\"async\" width=\"200\" height=\"300\" src=\"https:\/\/thierrydumont-duthy.fr\/wp-content\/uploads\/2024\/03\/1_DSC5207_a_38015_C1-200x300.jpg\" alt=\"\" class=\"wp-image-1726\" srcset=\"https:\/\/thierrydumont-duthy.fr\/wp-content\/uploads\/2024\/03\/1_DSC5207_a_38015_C1-200x300.jpg 200w, https:\/\/thierrydumont-duthy.fr\/wp-content\/uploads\/2024\/03\/1_DSC5207_a_38015_C1-682x1024.jpg 682w, https:\/\/thierrydumont-duthy.fr\/wp-content\/uploads\/2024\/03\/1_DSC5207_a_38015_C1-768x1153.jpg 768w, https:\/\/thierrydumont-duthy.fr\/wp-content\/uploads\/2024\/03\/1_DSC5207_a_38015_C1.jpg 799w\" sizes=\"auto, (max-width: 200px) 100vw, 200px\" \/><\/a><figcaption class=\"wp-element-caption\">Pas ton bout de viande <\/figcaption><\/figure><\/div><\/div>\n\n\n\n<div class=\"wp-block-column is-layout-flow wp-block-column-is-layout-flow\"><div class=\"wp-block-image\">\n<figure class=\"alignleft size-medium\"><a href=\"https:\/\/thierrydumont-duthy.fr\/?page_id=1772\" target=\"_blank\" rel=\"noreferrer noopener\"><img loading=\"lazy\" decoding=\"async\" width=\"200\" height=\"300\" src=\"https:\/\/thierrydumont-duthy.fr\/wp-content\/uploads\/2025\/05\/1_DSC7098_Nb_dd_39531_C1-200x300.jpg\" alt=\"\" class=\"wp-image-1825\" srcset=\"https:\/\/thierrydumont-duthy.fr\/wp-content\/uploads\/2025\/05\/1_DSC7098_Nb_dd_39531_C1-200x300.jpg 200w, https:\/\/thierrydumont-duthy.fr\/wp-content\/uploads\/2025\/05\/1_DSC7098_Nb_dd_39531_C1-683x1024.jpg 683w, https:\/\/thierrydumont-duthy.fr\/wp-content\/uploads\/2025\/05\/1_DSC7098_Nb_dd_39531_C1-768x1152.jpg 768w, https:\/\/thierrydumont-duthy.fr\/wp-content\/uploads\/2025\/05\/1_DSC7098_Nb_dd_39531_C1.jpg 800w\" sizes=\"auto, (max-width: 200px) 100vw, 200px\" \/><\/a><figcaption class=\"wp-element-caption\">Hallucinations <br>Mill\u00e9sim\u00e9es Vol_2<\/figcaption><\/figure><\/div><\/div>\n<\/div>\n","protected":false},"excerpt":{"rendered":"<p>Toutes les photos pr\u00e9sentes dans ces galeries sont disponible en tirage Fine Art &#8230;En tant qu&rsquo;\u0153uvre originale r\u00e9pondant aux crit\u00e8res l\u00e9gaux, tir\u00e9e par l\u2019auteur ou sous son contr\u00f4le, num\u00e9rot\u00e9e et sign\u00e9e.<\/p>\n","protected":false},"author":1,"featured_media":0,"parent":0,"menu_order":0,"comment_status":"closed","ping_status":"closed","template":"fullwidth-page.php","meta":{"footnotes":""},"class_list":["post-44","page","type-page","status-publish","hentry"],"_links":{"self":[{"href":"https:\/\/thierrydumont-duthy.fr\/index.php?rest_route=\/wp\/v2\/pages\/44","targetHints":{"allow":["GET"]}}],"collection":[{"href":"https:\/\/thierrydumont-duthy.fr\/index.php?rest_route=\/wp\/v2\/pages"}],"about":[{"href":"https:\/\/thierrydumont-duthy.fr\/index.php?rest_route=\/wp\/v2\/types\/page"}],"author":[{"embeddable":true,"href":"https:\/\/thierrydumont-duthy.fr\/index.php?rest_route=\/wp\/v2\/users\/1"}],"replies":[{"embeddable":true,"href":"https:\/\/thierrydumont-duthy.fr\/index.php?rest_route=%2Fwp%2Fv2%2Fcomments&post=44"}],"version-history":[{"count":51,"href":"https:\/\/thierrydumont-duthy.fr\/index.php?rest_route=\/wp\/v2\/pages\/44\/revisions"}],"predecessor-version":[{"id":1957,"href":"https:\/\/thierrydumont-duthy.fr\/index.php?rest_route=\/wp\/v2\/pages\/44\/revisions\/1957"}],"wp:attachment":[{"href":"https:\/\/thierrydumont-duthy.fr\/index.php?rest_route=%2Fwp%2Fv2%2Fmedia&parent=44"}],"curies":[{"name":"wp","href":"https:\/\/api.w.org\/{rel}","templated":true}]}}