{"id":490,"date":"2018-03-31T10:55:48","date_gmt":"2018-03-31T08:55:48","guid":{"rendered":"http:\/\/thierrydumont-duthy.fr\/?page_id=490"},"modified":"2026-05-10T17:56:51","modified_gmt":"2026-05-10T15:56:51","slug":"corporate-1","status":"publish","type":"page","link":"https:\/\/thierrydumont-duthy.fr\/?page_id=490","title":{"rendered":"Images Vendues &#8230;"},"content":{"rendered":"\n<pre class=\"wp-block-verse\">En visitant une exposition ou le site internet d\u2019un Artiste, vous avez peut-\u00eatre d\u00e9j\u00e0 h\u00e9sit\u00e9 \u00e0 acqu\u00e9rir une \u0153uvre \u2026<br>Sachez que vous n\u2019\u00eates pas les seuls et qu\u2019il est toujours possible de le faire en contactant l\u2019Artiste directement.<\/pre>\n\n\n\n<pre class=\"wp-block-verse\">Personnellement, j'aime \u00e0 penser qu'il est plus agr\u00e9able d'acheter une \u0152uvre \u00e0 un Artiste de son vivant plut\u00f4t qu'attendre qu'il ne soit mort ...<br>Ce geste permet de lui dire que l'on aime son travail, et lui donne les moyens de continuer \u00e0 cr\u00e9er pour Votre plaisir ...<br>et aussi le sentiment qu'il est soutenu autrement que par sa famille !!<br>Merci donc de ne pas h\u00e9siter \u00e0 acqu\u00e9rir les \u0153uvres ... elles auront la chance d'\u00eatre expos\u00e9es tous les jours, pour son plus grand plaisir !<br><br>Depuis 2015, j\u2019ai eu plusieurs fois le bonheur de voir que mon travail photographique trouvait un \u00e9cho aupr\u00e8s des visiteurs,<br>et, que pour certains, une \u00e9motion particuli\u00e8re leur donnait l\u2019envie d\u2019avoir une, voir plusieurs, de mes images sur leur mur \u2026<br>bureau, salon, chambre \u2026 un endroit qui leur est personnel pour y partager mes photos.<br>Mille mercis \u00e0 Vous !!! <br><\/pre>\n","protected":false},"excerpt":{"rendered":"<p>En visitant une exposition ou le site internet d\u2019un Artiste, vous avez peut-\u00eatre d\u00e9j\u00e0 h\u00e9sit\u00e9 \u00e0 acqu\u00e9rir une \u0153uvre \u2026Sachez que vous n\u2019\u00eates pas les seuls et qu\u2019il est toujours possible de le faire en contactant l\u2019Artiste directement. Personnellement, j&rsquo;aime \u00e0 penser qu&rsquo;il est plus agr\u00e9able d&rsquo;acheter une \u0152uvre \u00e0 un Artiste de son vivant [&hellip;]<\/p>\n","protected":false},"author":1,"featured_media":0,"parent":0,"menu_order":0,"comment_status":"closed","ping_status":"closed","template":"","meta":{"footnotes":""},"class_list":["post-490","page","type-page","status-publish","hentry"],"_links":{"self":[{"href":"https:\/\/thierrydumont-duthy.fr\/index.php?rest_route=\/wp\/v2\/pages\/490","targetHints":{"allow":["GET"]}}],"collection":[{"href":"https:\/\/thierrydumont-duthy.fr\/index.php?rest_route=\/wp\/v2\/pages"}],"about":[{"href":"https:\/\/thierrydumont-duthy.fr\/index.php?rest_route=\/wp\/v2\/types\/page"}],"author":[{"embeddable":true,"href":"https:\/\/thierrydumont-duthy.fr\/index.php?rest_route=\/wp\/v2\/users\/1"}],"replies":[{"embeddable":true,"href":"https:\/\/thierrydumont-duthy.fr\/index.php?rest_route=%2Fwp%2Fv2%2Fcomments&post=490"}],"version-history":[{"count":5,"href":"https:\/\/thierrydumont-duthy.fr\/index.php?rest_route=\/wp\/v2\/pages\/490\/revisions"}],"predecessor-version":[{"id":2049,"href":"https:\/\/thierrydumont-duthy.fr\/index.php?rest_route=\/wp\/v2\/pages\/490\/revisions\/2049"}],"wp:attachment":[{"href":"https:\/\/thierrydumont-duthy.fr\/index.php?rest_route=%2Fwp%2Fv2%2Fmedia&parent=490"}],"curies":[{"name":"wp","href":"https:\/\/api.w.org\/{rel}","templated":true}]}}