{"id":883,"date":"2019-07-10T12:59:48","date_gmt":"2019-07-10T10:59:48","guid":{"rendered":"http:\/\/thierrydumont-duthy.fr\/?page_id=883"},"modified":"2025-05-08T12:46:24","modified_gmt":"2025-05-08T10:46:24","slug":"james-bond-girls","status":"publish","type":"page","link":"https:\/\/thierrydumont-duthy.fr\/?page_id=883","title":{"rendered":"James Bond Girls"},"content":{"rendered":"<p style=\"text-align: center;\">R\u00e9alis\u00e9e sur le treuil d&rsquo;une ancienne mine d&rsquo;asphalte,<br \/>\ncette s\u00e9rie est trait\u00e9e de fa\u00e7on \u00e0 rendre les silhouettes en total contrejour sur un fond couleur,<br \/>\nen clin d\u2019\u0153il aux g\u00e9n\u00e9riques de certains films de James Bond.<\/p>\n<div id='gallery-1' class='gallery galleryid-883 gallery-columns-3 gallery-size-medium'><figure class='gallery-item'>\n\t\t\t<div class='gallery-icon portrait'>\n\t\t\t\t<a href='https:\/\/thierrydumont-duthy.fr\/wp-content\/uploads\/2019\/07\/1_DSC_4932_d_21214.jpg'><img loading=\"lazy\" decoding=\"async\" width=\"199\" height=\"300\" src=\"https:\/\/thierrydumont-duthy.fr\/wp-content\/uploads\/2019\/07\/1_DSC_4932_d_21214-199x300.jpg\" class=\"attachment-medium size-medium\" alt=\"\" aria-describedby=\"gallery-1-884\" srcset=\"https:\/\/thierrydumont-duthy.fr\/wp-content\/uploads\/2019\/07\/1_DSC_4932_d_21214-199x300.jpg 199w, https:\/\/thierrydumont-duthy.fr\/wp-content\/uploads\/2019\/07\/1_DSC_4932_d_21214-768x1158.jpg 768w, https:\/\/thierrydumont-duthy.fr\/wp-content\/uploads\/2019\/07\/1_DSC_4932_d_21214-679x1024.jpg 679w, https:\/\/thierrydumont-duthy.fr\/wp-content\/uploads\/2019\/07\/1_DSC_4932_d_21214.jpg 796w\" sizes=\"auto, (max-width: 199px) 100vw, 199px\" \/><\/a>\n\t\t\t<\/div>\n\t\t\t\t<figcaption class='wp-caption-text gallery-caption' id='gallery-1-884'>\n\t\t\t\tN\u00b0 1\n\t\t\t\t<\/figcaption><\/figure><figure class='gallery-item'>\n\t\t\t<div class='gallery-icon landscape'>\n\t\t\t\t<a href='https:\/\/thierrydumont-duthy.fr\/wp-content\/uploads\/2019\/07\/2_DSC_4919_dd_21201.jpg'><img loading=\"lazy\" decoding=\"async\" width=\"300\" height=\"199\" src=\"https:\/\/thierrydumont-duthy.fr\/wp-content\/uploads\/2019\/07\/2_DSC_4919_dd_21201-300x199.jpg\" class=\"attachment-medium size-medium\" alt=\"\" aria-describedby=\"gallery-1-885\" srcset=\"https:\/\/thierrydumont-duthy.fr\/wp-content\/uploads\/2019\/07\/2_DSC_4919_dd_21201-300x199.jpg 300w, https:\/\/thierrydumont-duthy.fr\/wp-content\/uploads\/2019\/07\/2_DSC_4919_dd_21201-768x509.jpg 768w, https:\/\/thierrydumont-duthy.fr\/wp-content\/uploads\/2019\/07\/2_DSC_4919_dd_21201-1024x679.jpg 1024w, https:\/\/thierrydumont-duthy.fr\/wp-content\/uploads\/2019\/07\/2_DSC_4919_dd_21201.jpg 1200w\" sizes=\"auto, (max-width: 300px) 100vw, 300px\" \/><\/a>\n\t\t\t<\/div>\n\t\t\t\t<figcaption class='wp-caption-text gallery-caption' id='gallery-1-885'>\n\t\t\t\tN\u00b0 2\n\t\t\t\t<\/figcaption><\/figure><figure class='gallery-item'>\n\t\t\t<div class='gallery-icon portrait'>\n\t\t\t\t<a href='https:\/\/thierrydumont-duthy.fr\/wp-content\/uploads\/2019\/07\/3_DSC_4918_dd_21200.jpg'><img loading=\"lazy\" decoding=\"async\" width=\"200\" height=\"300\" src=\"https:\/\/thierrydumont-duthy.fr\/wp-content\/uploads\/2019\/07\/3_DSC_4918_dd_21200-200x300.jpg\" class=\"attachment-medium size-medium\" alt=\"\" aria-describedby=\"gallery-1-886\" srcset=\"https:\/\/thierrydumont-duthy.fr\/wp-content\/uploads\/2019\/07\/3_DSC_4918_dd_21200-200x300.jpg 200w, https:\/\/thierrydumont-duthy.fr\/wp-content\/uploads\/2019\/07\/3_DSC_4918_dd_21200-768x1153.jpg 768w, https:\/\/thierrydumont-duthy.fr\/wp-content\/uploads\/2019\/07\/3_DSC_4918_dd_21200-682x1024.jpg 682w, https:\/\/thierrydumont-duthy.fr\/wp-content\/uploads\/2019\/07\/3_DSC_4918_dd_21200.jpg 799w\" sizes=\"auto, (max-width: 200px) 100vw, 200px\" \/><\/a>\n\t\t\t<\/div>\n\t\t\t\t<figcaption class='wp-caption-text gallery-caption' id='gallery-1-886'>\n\t\t\t\tN\u00b0 3\n\t\t\t\t<\/figcaption><\/figure><figure class='gallery-item'>\n\t\t\t<div class='gallery-icon landscape'>\n\t\t\t\t<a href='https:\/\/thierrydumont-duthy.fr\/wp-content\/uploads\/2019\/07\/4_DSC_7255_d_15834.jpg'><img loading=\"lazy\" decoding=\"async\" width=\"300\" height=\"199\" src=\"https:\/\/thierrydumont-duthy.fr\/wp-content\/uploads\/2019\/07\/4_DSC_7255_d_15834-300x199.jpg\" class=\"attachment-medium size-medium\" alt=\"\" aria-describedby=\"gallery-1-887\" srcset=\"https:\/\/thierrydumont-duthy.fr\/wp-content\/uploads\/2019\/07\/4_DSC_7255_d_15834-300x199.jpg 300w, https:\/\/thierrydumont-duthy.fr\/wp-content\/uploads\/2019\/07\/4_DSC_7255_d_15834-768x509.jpg 768w, https:\/\/thierrydumont-duthy.fr\/wp-content\/uploads\/2019\/07\/4_DSC_7255_d_15834-1024x679.jpg 1024w, https:\/\/thierrydumont-duthy.fr\/wp-content\/uploads\/2019\/07\/4_DSC_7255_d_15834.jpg 1200w\" sizes=\"auto, (max-width: 300px) 100vw, 300px\" \/><\/a>\n\t\t\t<\/div>\n\t\t\t\t<figcaption class='wp-caption-text gallery-caption' id='gallery-1-887'>\n\t\t\t\tN\u00b0 4\n\t\t\t\t<\/figcaption><\/figure><figure class='gallery-item'>\n\t\t\t<div class='gallery-icon portrait'>\n\t\t\t\t<a href='https:\/\/thierrydumont-duthy.fr\/wp-content\/uploads\/2019\/07\/5_DSC_7261_d_15838.jpg'><img loading=\"lazy\" decoding=\"async\" width=\"199\" height=\"300\" src=\"https:\/\/thierrydumont-duthy.fr\/wp-content\/uploads\/2019\/07\/5_DSC_7261_d_15838-199x300.jpg\" class=\"attachment-medium size-medium\" alt=\"\" aria-describedby=\"gallery-1-888\" srcset=\"https:\/\/thierrydumont-duthy.fr\/wp-content\/uploads\/2019\/07\/5_DSC_7261_d_15838-199x300.jpg 199w, https:\/\/thierrydumont-duthy.fr\/wp-content\/uploads\/2019\/07\/5_DSC_7261_d_15838-768x1158.jpg 768w, https:\/\/thierrydumont-duthy.fr\/wp-content\/uploads\/2019\/07\/5_DSC_7261_d_15838-679x1024.jpg 679w, https:\/\/thierrydumont-duthy.fr\/wp-content\/uploads\/2019\/07\/5_DSC_7261_d_15838.jpg 796w\" sizes=\"auto, (max-width: 199px) 100vw, 199px\" \/><\/a>\n\t\t\t<\/div>\n\t\t\t\t<figcaption class='wp-caption-text gallery-caption' id='gallery-1-888'>\n\t\t\t\tN\u00b0 5\n\t\t\t\t<\/figcaption><\/figure><figure class='gallery-item'>\n\t\t\t<div class='gallery-icon landscape'>\n\t\t\t\t<a href='https:\/\/thierrydumont-duthy.fr\/wp-content\/uploads\/2019\/07\/6_DSC_7266_dd_15843.jpg'><img loading=\"lazy\" decoding=\"async\" width=\"300\" height=\"199\" src=\"https:\/\/thierrydumont-duthy.fr\/wp-content\/uploads\/2019\/07\/6_DSC_7266_dd_15843-300x199.jpg\" class=\"attachment-medium size-medium\" alt=\"\" aria-describedby=\"gallery-1-889\" srcset=\"https:\/\/thierrydumont-duthy.fr\/wp-content\/uploads\/2019\/07\/6_DSC_7266_dd_15843-300x199.jpg 300w, https:\/\/thierrydumont-duthy.fr\/wp-content\/uploads\/2019\/07\/6_DSC_7266_dd_15843-768x509.jpg 768w, https:\/\/thierrydumont-duthy.fr\/wp-content\/uploads\/2019\/07\/6_DSC_7266_dd_15843-1024x679.jpg 1024w, https:\/\/thierrydumont-duthy.fr\/wp-content\/uploads\/2019\/07\/6_DSC_7266_dd_15843.jpg 1200w\" sizes=\"auto, (max-width: 300px) 100vw, 300px\" \/><\/a>\n\t\t\t<\/div>\n\t\t\t\t<figcaption class='wp-caption-text gallery-caption' id='gallery-1-889'>\n\t\t\t\tN\u00b0 6\n\t\t\t\t<\/figcaption><\/figure><figure class='gallery-item'>\n\t\t\t<div class='gallery-icon portrait'>\n\t\t\t\t<a href='https:\/\/thierrydumont-duthy.fr\/wp-content\/uploads\/2019\/07\/7_DSC_7276_dd_15852.jpg'><img loading=\"lazy\" decoding=\"async\" width=\"199\" height=\"300\" src=\"https:\/\/thierrydumont-duthy.fr\/wp-content\/uploads\/2019\/07\/7_DSC_7276_dd_15852-199x300.jpg\" class=\"attachment-medium size-medium\" alt=\"\" aria-describedby=\"gallery-1-890\" srcset=\"https:\/\/thierrydumont-duthy.fr\/wp-content\/uploads\/2019\/07\/7_DSC_7276_dd_15852-199x300.jpg 199w, https:\/\/thierrydumont-duthy.fr\/wp-content\/uploads\/2019\/07\/7_DSC_7276_dd_15852-768x1158.jpg 768w, https:\/\/thierrydumont-duthy.fr\/wp-content\/uploads\/2019\/07\/7_DSC_7276_dd_15852-679x1024.jpg 679w, https:\/\/thierrydumont-duthy.fr\/wp-content\/uploads\/2019\/07\/7_DSC_7276_dd_15852.jpg 796w\" sizes=\"auto, (max-width: 199px) 100vw, 199px\" \/><\/a>\n\t\t\t<\/div>\n\t\t\t\t<figcaption class='wp-caption-text gallery-caption' id='gallery-1-890'>\n\t\t\t\tN\u00b0 7\n\t\t\t\t<\/figcaption><\/figure><figure class='gallery-item'>\n\t\t\t<div class='gallery-icon landscape'>\n\t\t\t\t<a href='https:\/\/thierrydumont-duthy.fr\/wp-content\/uploads\/2019\/07\/8_DSC_4897_d_21179.jpg'><img loading=\"lazy\" decoding=\"async\" width=\"300\" height=\"199\" src=\"https:\/\/thierrydumont-duthy.fr\/wp-content\/uploads\/2019\/07\/8_DSC_4897_d_21179-300x199.jpg\" class=\"attachment-medium size-medium\" alt=\"\" aria-describedby=\"gallery-1-891\" srcset=\"https:\/\/thierrydumont-duthy.fr\/wp-content\/uploads\/2019\/07\/8_DSC_4897_d_21179-300x199.jpg 300w, https:\/\/thierrydumont-duthy.fr\/wp-content\/uploads\/2019\/07\/8_DSC_4897_d_21179-768x509.jpg 768w, https:\/\/thierrydumont-duthy.fr\/wp-content\/uploads\/2019\/07\/8_DSC_4897_d_21179-1024x679.jpg 1024w, https:\/\/thierrydumont-duthy.fr\/wp-content\/uploads\/2019\/07\/8_DSC_4897_d_21179.jpg 1200w\" sizes=\"auto, (max-width: 300px) 100vw, 300px\" \/><\/a>\n\t\t\t<\/div>\n\t\t\t\t<figcaption class='wp-caption-text gallery-caption' id='gallery-1-891'>\n\t\t\t\tN\u00b0 8\n\t\t\t\t<\/figcaption><\/figure><figure class='gallery-item'>\n\t\t\t<div class='gallery-icon portrait'>\n\t\t\t\t<a href='https:\/\/thierrydumont-duthy.fr\/wp-content\/uploads\/2019\/07\/9_DSC_4927_d_21209.jpg'><img loading=\"lazy\" decoding=\"async\" width=\"199\" height=\"300\" src=\"https:\/\/thierrydumont-duthy.fr\/wp-content\/uploads\/2019\/07\/9_DSC_4927_d_21209-199x300.jpg\" class=\"attachment-medium size-medium\" alt=\"\" aria-describedby=\"gallery-1-892\" srcset=\"https:\/\/thierrydumont-duthy.fr\/wp-content\/uploads\/2019\/07\/9_DSC_4927_d_21209-199x300.jpg 199w, https:\/\/thierrydumont-duthy.fr\/wp-content\/uploads\/2019\/07\/9_DSC_4927_d_21209-768x1158.jpg 768w, https:\/\/thierrydumont-duthy.fr\/wp-content\/uploads\/2019\/07\/9_DSC_4927_d_21209-679x1024.jpg 679w, https:\/\/thierrydumont-duthy.fr\/wp-content\/uploads\/2019\/07\/9_DSC_4927_d_21209.jpg 796w\" sizes=\"auto, (max-width: 199px) 100vw, 199px\" \/><\/a>\n\t\t\t<\/div>\n\t\t\t\t<figcaption class='wp-caption-text gallery-caption' id='gallery-1-892'>\n\t\t\t\tJames Bond Girls N\u00b0 9\n\t\t\t\t<\/figcaption><\/figure>\n\t\t<\/div>\n\n<p style=\"text-align: center;\">Disponible pour exposition &#8230; contactez moi !<\/p>\n\n\n<p class=\"has-text-align-center\">Toutes les images sont disponibles en tirages d&rsquo;Arts num\u00e9rot\u00e9s x\/10<br>pour agr\u00e9menter vos int\u00e9rieurs &#8230; Bureau, salon, etc &#8230;<br>Et bien \u00e9videment pour \u00eatre expos\u00e9es !!<\/p>\n\n\n\n<div class=\"wp-block-columns is-layout-flex wp-container-core-columns-is-layout-9d6595d7 wp-block-columns-is-layout-flex\">\n<div class=\"wp-block-column is-layout-flow wp-block-column-is-layout-flow\" style=\"flex-basis:25%\"><\/div>\n\n\n\n<div class=\"wp-block-column is-layout-flow wp-block-column-is-layout-flow\" style=\"flex-basis:50%\">\n<figure class=\"wp-block-image size-large\"><img loading=\"lazy\" decoding=\"async\" width=\"1024\" height=\"516\" src=\"https:\/\/thierrydumont-duthy.fr\/wp-content\/uploads\/2025\/05\/Tarif_Nu_2025-1024x516.jpg\" alt=\"\" class=\"wp-image-1866\" srcset=\"https:\/\/thierrydumont-duthy.fr\/wp-content\/uploads\/2025\/05\/Tarif_Nu_2025-1024x516.jpg 1024w, https:\/\/thierrydumont-duthy.fr\/wp-content\/uploads\/2025\/05\/Tarif_Nu_2025-300x151.jpg 300w, https:\/\/thierrydumont-duthy.fr\/wp-content\/uploads\/2025\/05\/Tarif_Nu_2025-768x387.jpg 768w, https:\/\/thierrydumont-duthy.fr\/wp-content\/uploads\/2025\/05\/Tarif_Nu_2025.jpg 1200w\" sizes=\"auto, (max-width: 1024px) 100vw, 1024px\" \/><figcaption class=\"wp-element-caption\">Tarif_Nu_2025<\/figcaption><\/figure>\n<\/div>\n\n\n\n<div class=\"wp-block-column is-layout-flow wp-block-column-is-layout-flow\" style=\"flex-basis:25%\"><\/div>\n<\/div>\n\n\n\n<p><\/p>\n","protected":false},"excerpt":{"rendered":"<p>R\u00e9alis\u00e9e sur le treuil d&rsquo;une ancienne mine d&rsquo;asphalte, cette s\u00e9rie est trait\u00e9e de fa\u00e7on \u00e0 rendre les silhouettes en total contrejour sur un fond couleur, en clin d\u2019\u0153il aux g\u00e9n\u00e9riques de certains films de James Bond. Disponible pour exposition &#8230; contactez moi ! Toutes les images sont disponibles en tirages d&rsquo;Arts num\u00e9rot\u00e9s x\/10pour agr\u00e9menter vos [&hellip;]<\/p>\n","protected":false},"author":1,"featured_media":0,"parent":44,"menu_order":0,"comment_status":"closed","ping_status":"closed","template":"","meta":{"footnotes":""},"class_list":["post-883","page","type-page","status-publish","hentry"],"_links":{"self":[{"href":"https:\/\/thierrydumont-duthy.fr\/index.php?rest_route=\/wp\/v2\/pages\/883","targetHints":{"allow":["GET"]}}],"collection":[{"href":"https:\/\/thierrydumont-duthy.fr\/index.php?rest_route=\/wp\/v2\/pages"}],"about":[{"href":"https:\/\/thierrydumont-duthy.fr\/index.php?rest_route=\/wp\/v2\/types\/page"}],"author":[{"embeddable":true,"href":"https:\/\/thierrydumont-duthy.fr\/index.php?rest_route=\/wp\/v2\/users\/1"}],"replies":[{"embeddable":true,"href":"https:\/\/thierrydumont-duthy.fr\/index.php?rest_route=%2Fwp%2Fv2%2Fcomments&post=883"}],"version-history":[{"count":8,"href":"https:\/\/thierrydumont-duthy.fr\/index.php?rest_route=\/wp\/v2\/pages\/883\/revisions"}],"predecessor-version":[{"id":1881,"href":"https:\/\/thierrydumont-duthy.fr\/index.php?rest_route=\/wp\/v2\/pages\/883\/revisions\/1881"}],"up":[{"embeddable":true,"href":"https:\/\/thierrydumont-duthy.fr\/index.php?rest_route=\/wp\/v2\/pages\/44"}],"wp:attachment":[{"href":"https:\/\/thierrydumont-duthy.fr\/index.php?rest_route=%2Fwp%2Fv2%2Fmedia&parent=883"}],"curies":[{"name":"wp","href":"https:\/\/api.w.org\/{rel}","templated":true}]}}